{"id":5297,"date":"2026-03-04T11:06:55","date_gmt":"2026-03-04T10:06:55","guid":{"rendered":"https:\/\/widid.fr\/?page_id=5297"},"modified":"2026-03-09T18:59:12","modified_gmt":"2026-03-09T17:59:12","slug":"module-dialogue-designer","status":"publish","type":"page","link":"https:\/\/widid.fr\/en\/module-dialogue-designer\/","title":{"rendered":"Module &#8211; Dialogue Designer"},"content":{"rendered":"<div data-elementor-type=\"wp-page\" data-elementor-id=\"5297\" class=\"elementor elementor-5297\">\n\t\t\t\t\t\t<div class=\"elementor-inner\">\n\t\t\t\t<div class=\"elementor-section-wrap\">\n\t\t\t\t\t\t\t\t\t<section class=\"elementor-section elementor-top-section elementor-element elementor-element-eaa5dd4 elementor-section-boxed elementor-section-height-default elementor-section-height-default\" data-id=\"eaa5dd4\" data-element_type=\"section\">\n\t\t\t\t\t\t<div class=\"elementor-container elementor-column-gap-default\">\n\t\t\t\t\t\t\t<div class=\"elementor-row\">\n\t\t\t\t\t<div class=\"elementor-column elementor-col-100 elementor-top-column elementor-element elementor-element-8946117\" data-id=\"8946117\" data-element_type=\"column\">\n\t\t\t<div class=\"elementor-column-wrap elementor-element-populated\">\n\t\t\t\t\t\t\t<div class=\"elementor-widget-wrap\">\n\t\t\t\t\t\t<section class=\"elementor-section elementor-inner-section elementor-element elementor-element-130928c elementor-section-boxed elementor-section-height-default elementor-section-height-default\" data-id=\"130928c\" data-element_type=\"section\" data-settings=\"{&quot;background_background&quot;:&quot;gradient&quot;}\">\n\t\t\t\t\t\t<div class=\"elementor-container elementor-column-gap-default\">\n\t\t\t\t\t\t\t<div class=\"elementor-row\">\n\t\t\t\t\t<div class=\"elementor-column elementor-col-100 elementor-inner-column elementor-element elementor-element-0082c4a\" data-id=\"0082c4a\" data-element_type=\"column\">\n\t\t\t<div class=\"elementor-column-wrap elementor-element-populated\">\n\t\t\t\t\t\t\t<div class=\"elementor-widget-wrap\">\n\t\t\t\t\t\t<div class=\"elementor-element elementor-element-7b6f5ad elementor-invisible elementor-widget elementor-widget-heading\" data-id=\"7b6f5ad\" data-element_type=\"widget\" data-settings=\"{&quot;_animation&quot;:&quot;fadeInLeft&quot;}\" data-widget_type=\"heading.default\">\n\t\t\t\t<div class=\"elementor-widget-container\">\n\t\t\t<h1 class=\"elementor-heading-title elementor-size-default\"><br>Concevez des simulations conversationnelles <\/h1>\t\t<\/div>\n\t\t\t\t<\/div>\n\t\t\t\t\t\t<\/div>\n\t\t\t\t\t<\/div>\n\t\t<\/div>\n\t\t\t\t\t\t\t\t<\/div>\n\t\t\t\t\t<\/div>\n\t\t<\/section>\n\t\t\t\t\t\t<\/div>\n\t\t\t\t\t<\/div>\n\t\t<\/div>\n\t\t\t\t\t\t\t\t<\/div>\n\t\t\t\t\t<\/div>\n\t\t<\/section>\n\t\t\t\t<section class=\"elementor-section elementor-top-section elementor-element elementor-element-69ec5228 elementor-section-boxed elementor-section-height-default elementor-section-height-default\" data-id=\"69ec5228\" data-element_type=\"section\">\n\t\t\t\t\t\t<div class=\"elementor-container elementor-column-gap-default\">\n\t\t\t\t\t\t\t<div class=\"elementor-row\">\n\t\t\t\t\t<div class=\"elementor-column elementor-col-100 elementor-top-column elementor-element elementor-element-58b91601\" data-id=\"58b91601\" data-element_type=\"column\">\n\t\t\t<div class=\"elementor-column-wrap elementor-element-populated\">\n\t\t\t\t\t\t\t<div class=\"elementor-widget-wrap\">\n\t\t\t\t\t\t<div class=\"elementor-element elementor-element-1772913e elementor-widget elementor-widget-text-editor\" data-id=\"1772913e\" data-element_type=\"widget\" data-widget_type=\"text-editor.default\">\n\t\t\t\t<div class=\"elementor-widget-container\">\n\t\t\t\t\t\t\t\t<div class=\"elementor-text-editor elementor-clearfix\">\n\t\t\t\t<p data-start=\"1288\" data-end=\"1466\">Cr\u00e9er un sc\u00e9nario immersif et p\u00e9dagogique prend du temps. Structurer les \u00e9changes, imaginer les r\u00e9actions, pr\u00e9voir les embranchements\u2026 la conception peut vite devenir complexe.<\/p><p data-start=\"1468\" data-end=\"1528\">Le nouveau <strong data-start=\"1479\" data-end=\"1500\">Dialogue Designer<\/strong> de WiDiD change la donne.<\/p><p data-start=\"1530\" data-end=\"1757\">Gr\u00e2ce \u00e0 l\u2019intelligence artificielle int\u00e9gr\u00e9e, vous \u00eates accompagn\u00e9 \u00e0 chaque \u00e9tape : \u00e0 partir d\u2019un simple brief, l\u2019outil vous aide \u00e0 g\u00e9n\u00e9rer la structure du sc\u00e9nario, les dialogues, les r\u00e9actions et les objectifs p\u00e9dagogiques.<\/p><p data-start=\"1759\" data-end=\"1828\">Vous gardez le contr\u00f4le.<br data-start=\"1783\" data-end=\"1786\" \/>L\u2019IA acc\u00e9l\u00e8re et enrichit la conception.<\/p><p><!-- \/wp:list-item --><\/p><p><!-- \/wp:list --><\/p>\t\t\t\t\t<\/div>\n\t\t\t\t\t\t<\/div>\n\t\t\t\t<\/div>\n\t\t\t\t<div class=\"elementor-element elementor-element-f26e535 elementor-aspect-ratio-169 elementor-widget elementor-widget-video\" data-id=\"f26e535\" data-element_type=\"widget\" data-settings=\"{&quot;youtube_url&quot;:&quot;https:\\\/\\\/www.youtube.com\\\/watch?v=Jv0K9LI1Owg&quot;,&quot;start&quot;:0,&quot;end&quot;:49,&quot;loop&quot;:&quot;yes&quot;,&quot;video_type&quot;:&quot;youtube&quot;,&quot;controls&quot;:&quot;yes&quot;,&quot;aspect_ratio&quot;:&quot;169&quot;}\" data-widget_type=\"video.default\">\n\t\t\t\t<div class=\"elementor-widget-container\">\n\t\t\t\t\t<div class=\"elementor-wrapper elementor-fit-aspect-ratio elementor-open-inline\">\n\t\t\t<div class=\"elementor-video\"><\/div>\t\t<\/div>\n\t\t\t\t<\/div>\n\t\t\t\t<\/div>\n\t\t\t\t\t\t<\/div>\n\t\t\t\t\t<\/div>\n\t\t<\/div>\n\t\t\t\t\t\t\t\t<\/div>\n\t\t\t\t\t<\/div>\n\t\t<\/section>\n\t\t\t\t<section class=\"elementor-section elementor-top-section elementor-element elementor-element-0891cda elementor-section-boxed elementor-section-height-default elementor-section-height-default\" data-id=\"0891cda\" data-element_type=\"section\">\n\t\t\t\t\t\t<div class=\"elementor-container elementor-column-gap-default\">\n\t\t\t\t\t\t\t<div class=\"elementor-row\">\n\t\t\t\t\t<div class=\"elementor-column elementor-col-100 elementor-top-column elementor-element elementor-element-8a67517\" data-id=\"8a67517\" data-element_type=\"column\">\n\t\t\t<div class=\"elementor-column-wrap elementor-element-populated\">\n\t\t\t\t\t\t\t<div class=\"elementor-widget-wrap\">\n\t\t\t\t\t\t<div class=\"elementor-element elementor-element-e8f879d elementor-invisible elementor-widget elementor-widget-heading\" data-id=\"e8f879d\" data-element_type=\"widget\" data-settings=\"{&quot;_animation&quot;:&quot;fadeInRight&quot;}\" data-widget_type=\"heading.default\">\n\t\t\t\t<div class=\"elementor-widget-container\">\n\t\t\t<h2 class=\"elementor-heading-title elementor-size-large\">Une conception facilit\u00e9e par l\u2019IA<\/h2>\t\t<\/div>\n\t\t\t\t<\/div>\n\t\t\t\t<div class=\"elementor-element elementor-element-4ac2892 elementor-widget elementor-widget-text-editor\" data-id=\"4ac2892\" data-element_type=\"widget\" data-widget_type=\"text-editor.default\">\n\t\t\t\t<div class=\"elementor-widget-container\">\n\t\t\t\t\t\t\t\t<div class=\"elementor-text-editor elementor-clearfix\">\n\t\t\t\t<p data-start=\"1185\" data-end=\"1237\">L\u2019intelligence artificielle int\u00e9gr\u00e9e vous aide \u00e0 :<\/p>\n<ul data-start=\"1239\" data-end=\"1387\">\n<li data-start=\"1239\" data-end=\"1283\">\n<p data-start=\"1241\" data-end=\"1283\">structurer vos dialogues plus rapidement<\/p>\n<\/li>\n<li data-start=\"1284\" data-end=\"1313\">\n<p data-start=\"1286\" data-end=\"1313\">personnaliser vos agents IA<\/p>\n<\/li>\n<li data-start=\"1314\" data-end=\"1346\">\n<p data-start=\"1316\" data-end=\"1346\">organiser les embranchements<\/p>\n<\/li>\n<li data-start=\"1347\" data-end=\"1387\">\n<p data-start=\"1349\" data-end=\"1387\">clarifier vos objectifs p\u00e9dagogiques<\/p>\n<\/li>\n<\/ul>\n<p data-start=\"1389\" data-end=\"1463\">Vous gardez le contr\u00f4le \u00e9ditorial.<br data-start=\"1423\" data-end=\"1426\" \/>L\u2019IA acc\u00e9l\u00e8re, sugg\u00e8re et optimise.<\/p>\n<p><\/p>\n<p data-start=\"1465\" data-end=\"1535\">R\u00e9sultat : vous cr\u00e9ez des simulations plus solides, en moins de temps.<\/p>\t\t\t\t\t<\/div>\n\t\t\t\t\t\t<\/div>\n\t\t\t\t<\/div>\n\t\t\t\t\t\t<\/div>\n\t\t\t\t\t<\/div>\n\t\t<\/div>\n\t\t\t\t\t\t\t\t<\/div>\n\t\t\t\t\t<\/div>\n\t\t<\/section>\n\t\t\t\t<section class=\"elementor-section elementor-top-section elementor-element elementor-element-31ccd00 elementor-section-boxed elementor-section-height-default elementor-section-height-default\" data-id=\"31ccd00\" data-element_type=\"section\">\n\t\t\t\t\t\t<div class=\"elementor-container elementor-column-gap-default\">\n\t\t\t\t\t\t\t<div class=\"elementor-row\">\n\t\t\t\t\t<div class=\"elementor-column elementor-col-100 elementor-top-column elementor-element elementor-element-064d07f\" data-id=\"064d07f\" data-element_type=\"column\">\n\t\t\t<div class=\"elementor-column-wrap elementor-element-populated\">\n\t\t\t\t\t\t\t<div class=\"elementor-widget-wrap\">\n\t\t\t\t\t\t<div class=\"elementor-element elementor-element-acaf5d7 elementor-invisible elementor-widget elementor-widget-heading\" data-id=\"acaf5d7\" data-element_type=\"widget\" data-settings=\"{&quot;_animation&quot;:&quot;fadeInRight&quot;}\" data-widget_type=\"heading.default\">\n\t\t\t\t<div class=\"elementor-widget-container\">\n\t\t\t<h2 class=\"elementor-heading-title elementor-size-large\">Des entra\u00eenement contextualis\u00e9s et engageants<\/h2>\t\t<\/div>\n\t\t\t\t<\/div>\n\t\t\t\t<div class=\"elementor-element elementor-element-7f27b01 elementor-widget elementor-widget-text-editor\" data-id=\"7f27b01\" data-element_type=\"widget\" data-widget_type=\"text-editor.default\">\n\t\t\t\t<div class=\"elementor-widget-container\">\n\t\t\t\t\t\t\t\t<div class=\"elementor-text-editor elementor-clearfix\">\n\t\t\t\t<p data-start=\"226\" data-end=\"407\">Une fois votre sc\u00e9nario con\u00e7u, vos apprenants interagissent avec un interlocuteur virtuel dans des situations dynamiques et r\u00e9alistes, <strong data-start=\"362\" data-end=\"404\">quel que soit votre secteur d\u2019activit\u00e9<\/strong>.<\/p><p data-start=\"409\" data-end=\"569\">Cabinet m\u00e9dical, bureau, magasin d\u2019optique, environnement commercial, contexte manag\u00e9rial ou relation client : vous recr\u00e9ez fid\u00e8lement vos situations terrain.<\/p><p data-start=\"571\" data-end=\"686\">Les apprenants prennent des d\u00e9cisions, ajustent leur posture, testent leurs arguments et g\u00e8rent les r\u00e9actions en temps r\u00e9el.<\/p><p data-start=\"688\" data-end=\"764\">Chaque parcours devient un entra\u00eenement concret, contextualis\u00e9 et engageant.<\/p>\t\t\t\t\t<\/div>\n\t\t\t\t\t\t<\/div>\n\t\t\t\t<\/div>\n\t\t\t\t\t\t<\/div>\n\t\t\t\t\t<\/div>\n\t\t<\/div>\n\t\t\t\t\t\t\t\t<\/div>\n\t\t\t\t\t<\/div>\n\t\t<\/section>\n\t\t\t\t<section class=\"elementor-section elementor-top-section elementor-element elementor-element-15c1c8f elementor-section-boxed elementor-section-height-default elementor-section-height-default\" data-id=\"15c1c8f\" data-element_type=\"section\">\n\t\t\t\t\t\t<div class=\"elementor-container elementor-column-gap-default\">\n\t\t\t\t\t\t\t<div class=\"elementor-row\">\n\t\t\t\t\t<div class=\"elementor-column elementor-col-100 elementor-top-column elementor-element elementor-element-60b8795\" data-id=\"60b8795\" data-element_type=\"column\">\n\t\t\t<div class=\"elementor-column-wrap elementor-element-populated\">\n\t\t\t\t\t\t\t<div class=\"elementor-widget-wrap\">\n\t\t\t\t\t\t<div class=\"elementor-element elementor-element-0aab5b7 elementor-invisible elementor-widget elementor-widget-heading\" data-id=\"0aab5b7\" data-element_type=\"widget\" data-settings=\"{&quot;_animation&quot;:&quot;fadeInRight&quot;}\" data-widget_type=\"heading.default\">\n\t\t\t\t<div class=\"elementor-widget-container\">\n\t\t\t<h2 class=\"elementor-heading-title elementor-size-large\">Feedback concret et progression rapide<\/h2>\t\t<\/div>\n\t\t\t\t<\/div>\n\t\t\t\t<div class=\"elementor-element elementor-element-ca061f2 elementor-widget elementor-widget-text-editor\" data-id=\"ca061f2\" data-element_type=\"widget\" data-widget_type=\"text-editor.default\">\n\t\t\t\t<div class=\"elementor-widget-container\">\n\t\t\t\t\t\t\t\t<div class=\"elementor-text-editor elementor-clearfix\">\n\t\t\t\t<p>Gr\u00e2ce \u00e0 l&rsquo;IA, programmez vos agents et rentrez les crit\u00e8res de notation qui comptent vraiment.\u00a0<\/p>\n<p><span style=\"font-family: 'Titillium Web';\">\u00c0 la fin de chaque session, l\u2019IA fournit un retour structur\u00e9 sur les points forts et les axes d\u2019am\u00e9lioration de vos apprenants. Ils peuvent r\u00e9p\u00e9ter l\u2019exercice autant de fois que n\u00e9cessaire, pour\u00a0<\/span><strong>mesurer leur progr\u00e8s<\/strong><span style=\"font-family: 'Titillium Web';\">\u00a0et se perfectionner.<\/span><\/p>\t\t\t\t\t<\/div>\n\t\t\t\t\t\t<\/div>\n\t\t\t\t<\/div>\n\t\t\t\t<div class=\"elementor-element elementor-element-368e913 elementor-widget elementor-widget-text-editor\" data-id=\"368e913\" data-element_type=\"widget\" data-widget_type=\"text-editor.default\">\n\t\t\t\t<div class=\"elementor-widget-container\">\n\t\t\t\t\t\t\t\t<div class=\"elementor-text-editor elementor-clearfix\">\n\t\t\t\t\t\t\t\t\t<\/div>\n\t\t\t\t\t\t<\/div>\n\t\t\t\t<\/div>\n\t\t\t\t\t\t<\/div>\n\t\t\t\t\t<\/div>\n\t\t<\/div>\n\t\t\t\t\t\t\t\t<\/div>\n\t\t\t\t\t<\/div>\n\t\t<\/section>\n\t\t\t\t<section class=\"elementor-section elementor-top-section elementor-element elementor-element-43ac475 elementor-section-boxed elementor-section-height-default elementor-section-height-default\" data-id=\"43ac475\" data-element_type=\"section\">\n\t\t\t\t\t\t<div class=\"elementor-container elementor-column-gap-default\">\n\t\t\t\t\t\t\t<div class=\"elementor-row\">\n\t\t\t\t\t<div class=\"elementor-column elementor-col-100 elementor-top-column elementor-element elementor-element-9f9a027\" data-id=\"9f9a027\" data-element_type=\"column\">\n\t\t\t<div class=\"elementor-column-wrap elementor-element-populated\">\n\t\t\t\t\t\t\t<div class=\"elementor-widget-wrap\">\n\t\t\t\t\t\t<div class=\"elementor-element elementor-element-6537776 elementor-invisible elementor-widget elementor-widget-heading\" data-id=\"6537776\" data-element_type=\"widget\" data-settings=\"{&quot;_animation&quot;:&quot;fadeInRight&quot;}\" data-widget_type=\"heading.default\">\n\t\t\t\t<div class=\"elementor-widget-container\">\n\t\t\t<h2 class=\"elementor-heading-title elementor-size-large\">Envie d\u2019aller plus loin ?<\/h2>\t\t<\/div>\n\t\t\t\t<\/div>\n\t\t\t\t<div class=\"elementor-element elementor-element-da6c143 elementor-widget elementor-widget-text-editor\" data-id=\"da6c143\" data-element_type=\"widget\" data-widget_type=\"text-editor.default\">\n\t\t\t\t<div class=\"elementor-widget-container\">\n\t\t\t\t\t\t\t\t<div class=\"elementor-text-editor elementor-clearfix\">\n\t\t\t\t<p>D\u00e9couvrez la simulation ou int\u00e9grez le module dans vos parcours : <a disabled=\"disabled\"><strong>contact@widid.fr<\/strong><\/a><\/p>\t\t\t\t\t<\/div>\n\t\t\t\t\t\t<\/div>\n\t\t\t\t<\/div>\n\t\t\t\t<div class=\"elementor-element elementor-element-1e05dee elementor-align-center elementor-widget elementor-widget-button\" data-id=\"1e05dee\" data-element_type=\"widget\" data-widget_type=\"button.default\">\n\t\t\t\t<div class=\"elementor-widget-container\">\n\t\t\t\t\t<div class=\"elementor-button-wrapper\">\n\t\t\t<a href=\"https:\/\/calendar.google.com\/calendar\/u\/0\/appointments\/schedules\/AcZssZ2G_bZ70Juu7pNEDD97HYM8B5MfAsvw5tt_os0o6ZCAmTTKADSfIlUoyS0q0zwZ4gvs228RlPw8?gv=true&#038;utm_source=google&#038;utm_medium=Suivi+click+calendar&#038;utm_campaign=Suivi+click+calendar&#038;utm_id=Calendar_analytics1&#038;utm_term=tag_calendar_analytics&#038;utm_content=Calendar+Anne-Sophie\" class=\"elementor-button-link elementor-button elementor-size-sm\" role=\"button\">\n\t\t\t\t\t\t<span class=\"elementor-button-content-wrapper\">\n\t\t\t\t\t\t<span class=\"elementor-button-text\">Demander une d\u00e9mo !<\/span>\n\t\t<\/span>\n\t\t\t\t\t<\/a>\n\t\t<\/div>\n\t\t\t\t<\/div>\n\t\t\t\t<\/div>\n\t\t\t\t\t\t<\/div>\n\t\t\t\t\t<\/div>\n\t\t<\/div>\n\t\t\t\t\t\t\t\t<\/div>\n\t\t\t\t\t<\/div>\n\t\t<\/section>\n\t\t\t\t\t\t\t\t\t<\/div>\n\t\t\t<\/div>\n\t\t\t\t\t<\/div>","protected":false},"excerpt":{"rendered":"<p>Concevez des simulations conversationnelles Cr\u00e9er un sc\u00e9nario immersif et p\u00e9dagogique prend du temps. Structurer les \u00e9changes, imaginer les r\u00e9actions, pr\u00e9voir les embranchements\u2026 la conception peut vite devenir complexe. Le nouveau Dialogue Designer de WiDiD change la donne. Gr\u00e2ce \u00e0 l\u2019intelligence artificielle int\u00e9gr\u00e9e, vous \u00eates accompagn\u00e9 \u00e0 chaque \u00e9tape : \u00e0<a class=\"moretag\" href=\"https:\/\/widid.fr\/en\/module-dialogue-designer\/\"> Read more<\/a><\/p>","protected":false},"author":2,"featured_media":0,"parent":0,"menu_order":0,"comment_status":"closed","ping_status":"closed","template":"","meta":{"footnotes":""},"class_list":["post-5297","page","type-page","status-publish","hentry"],"yoast_head":"<!-- This site is optimized with the Yoast SEO plugin v19.13 - https:\/\/yoast.com\/wordpress\/plugins\/seo\/ -->\n<title>WiDID | Dialogue Designer | Construction de modules<\/title>\n<meta name=\"description\" content=\"D\u00e9couvrez le Dialogue Designer assist\u00e9 par l&#039;IA. Facilitez la construction de vos modules, gagnez du temps pour vous concentrer sur l&#039;essentiel : la formation.\" \/>\n<meta name=\"robots\" content=\"index, follow, max-snippet:-1, max-image-preview:large, max-video-preview:-1\" \/>\n<link rel=\"canonical\" href=\"https:\/\/widid.fr\/en\/module-dialogue-designer\/\" \/>\n<meta property=\"og:locale\" content=\"en_GB\" \/>\n<meta property=\"og:type\" content=\"article\" \/>\n<meta property=\"og:title\" content=\"WiDID | Dialogue Designer | Construction de modules\" \/>\n<meta property=\"og:description\" content=\"D\u00e9couvrez le Dialogue Designer assist\u00e9 par l&#039;IA. Facilitez la construction de vos modules, gagnez du temps pour vous concentrer sur l&#039;essentiel : la formation.\" \/>\n<meta property=\"og:url\" content=\"https:\/\/widid.fr\/en\/module-dialogue-designer\/\" \/>\n<meta property=\"og:site_name\" content=\"WiDiD\" \/>\n<meta property=\"article:modified_time\" content=\"2026-03-09T17:59:12+00:00\" \/>\n<meta name=\"twitter:card\" content=\"summary_large_image\" \/>\n<meta name=\"twitter:site\" content=\"@WIDID_France\" \/>\n<meta name=\"twitter:label1\" content=\"Estimated reading time\" \/>\n\t<meta name=\"twitter:data1\" content=\"2 minutes\" \/>\n<script type=\"application\/ld+json\" class=\"yoast-schema-graph\">{\"@context\":\"https:\/\/schema.org\",\"@graph\":[{\"@type\":\"WebPage\",\"@id\":\"https:\/\/widid.fr\/module-dialogue-designer\/\",\"url\":\"https:\/\/widid.fr\/module-dialogue-designer\/\",\"name\":\"WiDID | Dialogue Designer | Construction de modules\",\"isPartOf\":{\"@id\":\"https:\/\/widid.fr\/#website\"},\"datePublished\":\"2026-03-04T10:06:55+00:00\",\"dateModified\":\"2026-03-09T17:59:12+00:00\",\"description\":\"D\u00e9couvrez le Dialogue Designer assist\u00e9 par l'IA. Facilitez la construction de vos modules, gagnez du temps pour vous concentrer sur l'essentiel : la formation.\",\"breadcrumb\":{\"@id\":\"https:\/\/widid.fr\/module-dialogue-designer\/#breadcrumb\"},\"inLanguage\":\"en-GB\",\"potentialAction\":[{\"@type\":\"ReadAction\",\"target\":[\"https:\/\/widid.fr\/module-dialogue-designer\/\"]}]},{\"@type\":\"BreadcrumbList\",\"@id\":\"https:\/\/widid.fr\/module-dialogue-designer\/#breadcrumb\",\"itemListElement\":[{\"@type\":\"ListItem\",\"position\":1,\"name\":\"Accueil\",\"item\":\"https:\/\/widid.fr\/\"},{\"@type\":\"ListItem\",\"position\":2,\"name\":\"Module &#8211; Dialogue Designer\"}]},{\"@type\":\"WebSite\",\"@id\":\"https:\/\/widid.fr\/#website\",\"url\":\"https:\/\/widid.fr\/\",\"name\":\"WiDiD\",\"description\":\"What I Do, I understanD\",\"publisher\":{\"@id\":\"https:\/\/widid.fr\/#organization\"},\"potentialAction\":[{\"@type\":\"SearchAction\",\"target\":{\"@type\":\"EntryPoint\",\"urlTemplate\":\"https:\/\/widid.fr\/?s={search_term_string}\"},\"query-input\":\"required name=search_term_string\"}],\"inLanguage\":\"en-GB\"},{\"@type\":\"Organization\",\"@id\":\"https:\/\/widid.fr\/#organization\",\"name\":\"WiDiD\",\"url\":\"https:\/\/widid.fr\/\",\"logo\":{\"@type\":\"ImageObject\",\"inLanguage\":\"en-GB\",\"@id\":\"https:\/\/widid.fr\/#\/schema\/logo\/image\/\",\"url\":\"https:\/\/widid.fr\/wp-content\/uploads\/2018\/10\/Logo_VF_degrade.png\",\"contentUrl\":\"https:\/\/widid.fr\/wp-content\/uploads\/2018\/10\/Logo_VF_degrade.png\",\"width\":6348,\"height\":2892,\"caption\":\"WiDiD\"},\"image\":{\"@id\":\"https:\/\/widid.fr\/#\/schema\/logo\/image\/\"},\"sameAs\":[\"https:\/\/www.linkedin.com\/company\/widid4u\",\"https:\/\/twitter.com\/WIDID_France\"]}]}<\/script>\n<!-- \/ Yoast SEO plugin. -->","yoast_head_json":{"title":"WiDID | Dialogue Designer | Construction de modules","description":"D\u00e9couvrez le Dialogue Designer assist\u00e9 par l'IA. Facilitez la construction de vos modules, gagnez du temps pour vous concentrer sur l'essentiel : la formation.","robots":{"index":"index","follow":"follow","max-snippet":"max-snippet:-1","max-image-preview":"max-image-preview:large","max-video-preview":"max-video-preview:-1"},"canonical":"https:\/\/widid.fr\/en\/module-dialogue-designer\/","og_locale":"en_GB","og_type":"article","og_title":"WiDID | Dialogue Designer | Construction de modules","og_description":"D\u00e9couvrez le Dialogue Designer assist\u00e9 par l'IA. Facilitez la construction de vos modules, gagnez du temps pour vous concentrer sur l'essentiel : la formation.","og_url":"https:\/\/widid.fr\/en\/module-dialogue-designer\/","og_site_name":"WiDiD","article_modified_time":"2026-03-09T17:59:12+00:00","twitter_card":"summary_large_image","twitter_site":"@WIDID_France","twitter_misc":{"Estimated reading time":"2 minutes"},"schema":{"@context":"https:\/\/schema.org","@graph":[{"@type":"WebPage","@id":"https:\/\/widid.fr\/module-dialogue-designer\/","url":"https:\/\/widid.fr\/module-dialogue-designer\/","name":"WiDID | Dialogue Designer | Construction de modules","isPartOf":{"@id":"https:\/\/widid.fr\/#website"},"datePublished":"2026-03-04T10:06:55+00:00","dateModified":"2026-03-09T17:59:12+00:00","description":"D\u00e9couvrez le Dialogue Designer assist\u00e9 par l'IA. Facilitez la construction de vos modules, gagnez du temps pour vous concentrer sur l'essentiel : la formation.","breadcrumb":{"@id":"https:\/\/widid.fr\/module-dialogue-designer\/#breadcrumb"},"inLanguage":"en-GB","potentialAction":[{"@type":"ReadAction","target":["https:\/\/widid.fr\/module-dialogue-designer\/"]}]},{"@type":"BreadcrumbList","@id":"https:\/\/widid.fr\/module-dialogue-designer\/#breadcrumb","itemListElement":[{"@type":"ListItem","position":1,"name":"Accueil","item":"https:\/\/widid.fr\/"},{"@type":"ListItem","position":2,"name":"Module &#8211; Dialogue Designer"}]},{"@type":"WebSite","@id":"https:\/\/widid.fr\/#website","url":"https:\/\/widid.fr\/","name":"WiDiD","description":"What I Do, I understanD","publisher":{"@id":"https:\/\/widid.fr\/#organization"},"potentialAction":[{"@type":"SearchAction","target":{"@type":"EntryPoint","urlTemplate":"https:\/\/widid.fr\/?s={search_term_string}"},"query-input":"required name=search_term_string"}],"inLanguage":"en-GB"},{"@type":"Organization","@id":"https:\/\/widid.fr\/#organization","name":"WiDiD","url":"https:\/\/widid.fr\/","logo":{"@type":"ImageObject","inLanguage":"en-GB","@id":"https:\/\/widid.fr\/#\/schema\/logo\/image\/","url":"https:\/\/widid.fr\/wp-content\/uploads\/2018\/10\/Logo_VF_degrade.png","contentUrl":"https:\/\/widid.fr\/wp-content\/uploads\/2018\/10\/Logo_VF_degrade.png","width":6348,"height":2892,"caption":"WiDiD"},"image":{"@id":"https:\/\/widid.fr\/#\/schema\/logo\/image\/"},"sameAs":["https:\/\/www.linkedin.com\/company\/widid4u","https:\/\/twitter.com\/WIDID_France"]}]}},"_links":{"self":[{"href":"https:\/\/widid.fr\/en\/wp-json\/wp\/v2\/pages\/5297","targetHints":{"allow":["GET"]}}],"collection":[{"href":"https:\/\/widid.fr\/en\/wp-json\/wp\/v2\/pages"}],"about":[{"href":"https:\/\/widid.fr\/en\/wp-json\/wp\/v2\/types\/page"}],"author":[{"embeddable":true,"href":"https:\/\/widid.fr\/en\/wp-json\/wp\/v2\/users\/2"}],"replies":[{"embeddable":true,"href":"https:\/\/widid.fr\/en\/wp-json\/wp\/v2\/comments?post=5297"}],"version-history":[{"count":21,"href":"https:\/\/widid.fr\/en\/wp-json\/wp\/v2\/pages\/5297\/revisions"}],"predecessor-version":[{"id":5327,"href":"https:\/\/widid.fr\/en\/wp-json\/wp\/v2\/pages\/5297\/revisions\/5327"}],"wp:attachment":[{"href":"https:\/\/widid.fr\/en\/wp-json\/wp\/v2\/media?parent=5297"}],"curies":[{"name":"wp","href":"https:\/\/api.w.org\/{rel}","templated":true}]}}