{"id":5271,"date":"2026-02-09T15:43:01","date_gmt":"2026-02-09T14:43:01","guid":{"rendered":"https:\/\/widid.fr\/?page_id=5271"},"modified":"2026-03-04T11:07:25","modified_gmt":"2026-03-04T10:07:25","slug":"module-60s-pour-convaincre","status":"publish","type":"page","link":"https:\/\/widid.fr\/en\/module-60s-pour-convaincre\/","title":{"rendered":"Module &#8211; 60\u2019s pour convaincre"},"content":{"rendered":"<div data-elementor-type=\"wp-page\" data-elementor-id=\"5271\" class=\"elementor elementor-5271\">\n\t\t\t\t\t\t<div class=\"elementor-inner\">\n\t\t\t\t<div class=\"elementor-section-wrap\">\n\t\t\t\t\t\t\t\t\t<section class=\"elementor-section elementor-top-section elementor-element elementor-element-eaa5dd4 elementor-section-boxed elementor-section-height-default elementor-section-height-default\" data-id=\"eaa5dd4\" data-element_type=\"section\">\n\t\t\t\t\t\t<div class=\"elementor-container elementor-column-gap-default\">\n\t\t\t\t\t\t\t<div class=\"elementor-row\">\n\t\t\t\t\t<div class=\"elementor-column elementor-col-100 elementor-top-column elementor-element elementor-element-8946117\" data-id=\"8946117\" data-element_type=\"column\">\n\t\t\t<div class=\"elementor-column-wrap elementor-element-populated\">\n\t\t\t\t\t\t\t<div class=\"elementor-widget-wrap\">\n\t\t\t\t\t\t<section class=\"elementor-section elementor-inner-section elementor-element elementor-element-130928c elementor-section-boxed elementor-section-height-default elementor-section-height-default\" data-id=\"130928c\" data-element_type=\"section\" data-settings=\"{&quot;background_background&quot;:&quot;gradient&quot;}\">\n\t\t\t\t\t\t<div class=\"elementor-container elementor-column-gap-default\">\n\t\t\t\t\t\t\t<div class=\"elementor-row\">\n\t\t\t\t\t<div class=\"elementor-column elementor-col-100 elementor-inner-column elementor-element elementor-element-0082c4a\" data-id=\"0082c4a\" data-element_type=\"column\">\n\t\t\t<div class=\"elementor-column-wrap elementor-element-populated\">\n\t\t\t\t\t\t\t<div class=\"elementor-widget-wrap\">\n\t\t\t\t\t\t<div class=\"elementor-element elementor-element-7b6f5ad elementor-invisible elementor-widget elementor-widget-heading\" data-id=\"7b6f5ad\" data-element_type=\"widget\" data-settings=\"{&quot;_animation&quot;:&quot;fadeInLeft&quot;}\" data-widget_type=\"heading.default\">\n\t\t\t\t<div class=\"elementor-widget-container\">\n\t\t\t<h1 class=\"elementor-heading-title elementor-size-default\"><br>Transformez votre mani\u00e8re de convaincre<\/h1>\t\t<\/div>\n\t\t\t\t<\/div>\n\t\t\t\t\t\t<\/div>\n\t\t\t\t\t<\/div>\n\t\t<\/div>\n\t\t\t\t\t\t\t\t<\/div>\n\t\t\t\t\t<\/div>\n\t\t<\/section>\n\t\t\t\t\t\t<\/div>\n\t\t\t\t\t<\/div>\n\t\t<\/div>\n\t\t\t\t\t\t\t\t<\/div>\n\t\t\t\t\t<\/div>\n\t\t<\/section>\n\t\t\t\t<section class=\"elementor-section elementor-top-section elementor-element elementor-element-69ec5228 elementor-section-boxed elementor-section-height-default elementor-section-height-default\" data-id=\"69ec5228\" data-element_type=\"section\">\n\t\t\t\t\t\t<div class=\"elementor-container elementor-column-gap-default\">\n\t\t\t\t\t\t\t<div class=\"elementor-row\">\n\t\t\t\t\t<div class=\"elementor-column elementor-col-100 elementor-top-column elementor-element elementor-element-58b91601\" data-id=\"58b91601\" data-element_type=\"column\">\n\t\t\t<div class=\"elementor-column-wrap elementor-element-populated\">\n\t\t\t\t\t\t\t<div class=\"elementor-widget-wrap\">\n\t\t\t\t\t\t<div class=\"elementor-element elementor-element-1772913e elementor-widget elementor-widget-text-editor\" data-id=\"1772913e\" data-element_type=\"widget\" data-widget_type=\"text-editor.default\">\n\t\t\t\t<div class=\"elementor-widget-container\">\n\t\t\t\t\t\t\t\t<div class=\"elementor-text-editor elementor-clearfix\">\n\t\t\t\t<p><strong><span>Convaincre \u00e0 l\u2019oral ne s\u2019improvise pas.<\/span><\/strong><span> Dans un pitch ou un entretien, chaque seconde compte : capter l\u2019attention, structurer son message, s\u2019adapter aux r\u00e9actions de l\u2019interlocuteur.<\/span><\/p><p><span>La plupart des entra\u00eenements restent th\u00e9oriques. On pr\u00e9pare son discours, mais on ne se confronte pas \u00e0 une interaction r\u00e9elle et dynamique.<\/span><\/p><p><span>Le module <\/span><strong><span>\u00ab 60\u2019s pour convaincre \u00bb<\/span><\/strong><span> de WiDiD change cette approche : il vous place <\/span><strong><span>en situation r\u00e9elle<\/span><\/strong><span>, pour travailler votre impact, votre aisance et votre cr\u00e9dibilit\u00e9.<\/span><\/p><p><!-- \/wp:list-item --><\/p><p><!-- \/wp:list --><\/p>\t\t\t\t\t<\/div>\n\t\t\t\t\t\t<\/div>\n\t\t\t\t<\/div>\n\t\t\t\t\t\t<\/div>\n\t\t\t\t\t<\/div>\n\t\t<\/div>\n\t\t\t\t\t\t\t\t<\/div>\n\t\t\t\t\t<\/div>\n\t\t<\/section>\n\t\t\t\t<section class=\"elementor-section elementor-top-section elementor-element elementor-element-0891cda elementor-section-boxed elementor-section-height-default elementor-section-height-default\" data-id=\"0891cda\" data-element_type=\"section\">\n\t\t\t\t\t\t<div class=\"elementor-container elementor-column-gap-default\">\n\t\t\t\t\t\t\t<div class=\"elementor-row\">\n\t\t\t\t\t<div class=\"elementor-column elementor-col-100 elementor-top-column elementor-element elementor-element-8a67517\" data-id=\"8a67517\" data-element_type=\"column\">\n\t\t\t<div class=\"elementor-column-wrap elementor-element-populated\">\n\t\t\t\t\t\t\t<div class=\"elementor-widget-wrap\">\n\t\t\t\t\t\t<div class=\"elementor-element elementor-element-e8f879d elementor-invisible elementor-widget elementor-widget-heading\" data-id=\"e8f879d\" data-element_type=\"widget\" data-settings=\"{&quot;_animation&quot;:&quot;fadeInRight&quot;}\" data-widget_type=\"heading.default\">\n\t\t\t\t<div class=\"elementor-widget-container\">\n\t\t\t<h2 class=\"elementor-heading-title elementor-size-large\">Plongez dans l\u2019exp\u00e9rience immersive<\/h2>\t\t<\/div>\n\t\t\t\t<\/div>\n\t\t\t\t<div class=\"elementor-element elementor-element-4ac2892 elementor-widget elementor-widget-text-editor\" data-id=\"4ac2892\" data-element_type=\"widget\" data-widget_type=\"text-editor.default\">\n\t\t\t\t<div class=\"elementor-widget-container\">\n\t\t\t\t\t\t\t\t<div class=\"elementor-text-editor elementor-clearfix\">\n\t\t\t\t<p><strong>Voyez le module en action avec notre vid\u00e9o teaser<\/strong> : Un interlocuteur virtuel r\u00e9agit \u00e0 vos mots, un temps limit\u00e9 vous met au d\u00e9fi, et un feedback imm\u00e9diat vous guide pour progresser. Cette courte vid\u00e9o r\u00e9sume parfaitement l\u2019exp\u00e9rience et l\u2019efficacit\u00e9 du module.<\/p>\t\t\t\t\t<\/div>\n\t\t\t\t\t\t<\/div>\n\t\t\t\t<\/div>\n\t\t\t\t<div class=\"elementor-element elementor-element-f26e535 elementor-aspect-ratio-169 elementor-widget elementor-widget-video\" data-id=\"f26e535\" data-element_type=\"widget\" data-settings=\"{&quot;youtube_url&quot;:&quot;https:\\\/\\\/www.youtube.com\\\/watch?v=OOc3OnzjAAA&quot;,&quot;start&quot;:0,&quot;end&quot;:49,&quot;loop&quot;:&quot;yes&quot;,&quot;video_type&quot;:&quot;youtube&quot;,&quot;controls&quot;:&quot;yes&quot;,&quot;aspect_ratio&quot;:&quot;169&quot;}\" data-widget_type=\"video.default\">\n\t\t\t\t<div class=\"elementor-widget-container\">\n\t\t\t\t\t<div class=\"elementor-wrapper elementor-fit-aspect-ratio elementor-open-inline\">\n\t\t\t<div class=\"elementor-video\"><\/div>\t\t<\/div>\n\t\t\t\t<\/div>\n\t\t\t\t<\/div>\n\t\t\t\t\t\t<\/div>\n\t\t\t\t\t<\/div>\n\t\t<\/div>\n\t\t\t\t\t\t\t\t<\/div>\n\t\t\t\t\t<\/div>\n\t\t<\/section>\n\t\t\t\t<section class=\"elementor-section elementor-top-section elementor-element elementor-element-77f5f69 elementor-section-boxed elementor-section-height-default elementor-section-height-default\" data-id=\"77f5f69\" data-element_type=\"section\">\n\t\t\t\t\t\t<div class=\"elementor-container elementor-column-gap-default\">\n\t\t\t\t\t\t\t<div class=\"elementor-row\">\n\t\t\t\t\t<div class=\"elementor-column elementor-col-100 elementor-top-column elementor-element elementor-element-0e53086\" data-id=\"0e53086\" data-element_type=\"column\">\n\t\t\t<div class=\"elementor-column-wrap elementor-element-populated\">\n\t\t\t\t\t\t\t<div class=\"elementor-widget-wrap\">\n\t\t\t\t\t\t<div class=\"elementor-element elementor-element-025bc9b elementor-invisible elementor-widget elementor-widget-heading\" data-id=\"025bc9b\" data-element_type=\"widget\" data-settings=\"{&quot;_animation&quot;:&quot;fadeInLeft&quot;}\" data-widget_type=\"heading.default\">\n\t\t\t\t<div class=\"elementor-widget-container\">\n\t\t\t<h2 class=\"elementor-heading-title elementor-size-large\">Une simulation immersive et intelligente<\/h2>\t\t<\/div>\n\t\t\t\t<\/div>\n\t\t\t\t\t\t<\/div>\n\t\t\t\t\t<\/div>\n\t\t<\/div>\n\t\t\t\t\t\t\t\t<\/div>\n\t\t\t\t\t<\/div>\n\t\t<\/section>\n\t\t\t\t<section class=\"elementor-section elementor-top-section elementor-element elementor-element-31ccd00 elementor-section-boxed elementor-section-height-default elementor-section-height-default\" data-id=\"31ccd00\" data-element_type=\"section\">\n\t\t\t\t\t\t<div class=\"elementor-container elementor-column-gap-default\">\n\t\t\t\t\t\t\t<div class=\"elementor-row\">\n\t\t\t\t\t<div class=\"elementor-column elementor-col-100 elementor-top-column elementor-element elementor-element-064d07f\" data-id=\"064d07f\" data-element_type=\"column\">\n\t\t\t<div class=\"elementor-column-wrap elementor-element-populated\">\n\t\t\t\t\t\t\t<div class=\"elementor-widget-wrap\">\n\t\t\t\t\t\t<div class=\"elementor-element elementor-element-7f27b01 elementor-widget elementor-widget-text-editor\" data-id=\"7f27b01\" data-element_type=\"widget\" data-widget_type=\"text-editor.default\">\n\t\t\t\t<div class=\"elementor-widget-container\">\n\t\t\t\t\t\t\t\t<div class=\"elementor-text-editor elementor-clearfix\">\n\t\t\t\t<p>Pendant 60 secondes, vous prenez la parole face \u00e0 un interlocuteur virtuel qui <strong>r\u00e9agit en temps r\u00e9el gr\u00e2ce \u00e0 l\u2019IA analytique et g\u00e9n\u00e9rative<\/strong>. L\u2019intelligence artificielle :<\/p><ul data-spread=\"false\"><li><p>analyse le contenu et la structure de votre discours,<\/p><\/li><li><p>\u00e9value la fluidit\u00e9 et la coh\u00e9rence,<\/p><\/li><li><p>interpr\u00e8te votre posture et votre aisance,<\/p><\/li><li><p>ajuste les r\u00e9actions de l\u2019interlocuteur pour reproduire une interaction cr\u00e9dible.<\/p><\/li><\/ul><p>Plusieurs profils sont disponibles, y compris des figures embl\u00e9matiques comme <strong>Barack Obama<\/strong>, pour renforcer votre impact et travailler votre pr\u00e9sence.<\/p>\t\t\t\t\t<\/div>\n\t\t\t\t\t\t<\/div>\n\t\t\t\t<\/div>\n\t\t\t\t\t\t<\/div>\n\t\t\t\t\t<\/div>\n\t\t<\/div>\n\t\t\t\t\t\t\t\t<\/div>\n\t\t\t\t\t<\/div>\n\t\t<\/section>\n\t\t\t\t<section class=\"elementor-section elementor-top-section elementor-element elementor-element-15c1c8f elementor-section-boxed elementor-section-height-default elementor-section-height-default\" data-id=\"15c1c8f\" data-element_type=\"section\">\n\t\t\t\t\t\t<div class=\"elementor-container elementor-column-gap-default\">\n\t\t\t\t\t\t\t<div class=\"elementor-row\">\n\t\t\t\t\t<div class=\"elementor-column elementor-col-100 elementor-top-column elementor-element elementor-element-60b8795\" data-id=\"60b8795\" data-element_type=\"column\">\n\t\t\t<div class=\"elementor-column-wrap elementor-element-populated\">\n\t\t\t\t\t\t\t<div class=\"elementor-widget-wrap\">\n\t\t\t\t\t\t<div class=\"elementor-element elementor-element-0aab5b7 elementor-invisible elementor-widget elementor-widget-heading\" data-id=\"0aab5b7\" data-element_type=\"widget\" data-settings=\"{&quot;_animation&quot;:&quot;fadeInRight&quot;}\" data-widget_type=\"heading.default\">\n\t\t\t\t<div class=\"elementor-widget-container\">\n\t\t\t<h2 class=\"elementor-heading-title elementor-size-large\">Feedback concret et progression rapide<\/h2>\t\t<\/div>\n\t\t\t\t<\/div>\n\t\t\t\t<div class=\"elementor-element elementor-element-368e913 elementor-widget elementor-widget-text-editor\" data-id=\"368e913\" data-element_type=\"widget\" data-widget_type=\"text-editor.default\">\n\t\t\t\t<div class=\"elementor-widget-container\">\n\t\t\t\t\t\t\t\t<div class=\"elementor-text-editor elementor-clearfix\">\n\t\t\t\t<p>\u00c0 la fin de chaque session, l\u2019IA fournit un retour structur\u00e9 sur vos points forts et axes d\u2019am\u00e9lioration. Vous pouvez r\u00e9p\u00e9ter l\u2019exercice autant de fois que n\u00e9cessaire, pour <strong>mesurer vos progr\u00e8s<\/strong> et perfectionner votre capacit\u00e9 \u00e0 convaincre.<\/p>\n<p>Le module permet ainsi un entra\u00eenement r\u00e9aliste, r\u00e9p\u00e9table et <strong>directement orient\u00e9 vers le r\u00e9sultat<\/strong>.<\/p>\t\t\t\t\t<\/div>\n\t\t\t\t\t\t<\/div>\n\t\t\t\t<\/div>\n\t\t\t\t\t\t<\/div>\n\t\t\t\t\t<\/div>\n\t\t<\/div>\n\t\t\t\t\t\t\t\t<\/div>\n\t\t\t\t\t<\/div>\n\t\t<\/section>\n\t\t\t\t<section class=\"elementor-section elementor-top-section elementor-element elementor-element-3f3e4a9 elementor-section-boxed elementor-section-height-default elementor-section-height-default\" data-id=\"3f3e4a9\" data-element_type=\"section\">\n\t\t\t\t\t\t<div class=\"elementor-container elementor-column-gap-default\">\n\t\t\t\t\t\t\t<div class=\"elementor-row\">\n\t\t\t\t\t<div class=\"elementor-column elementor-col-100 elementor-top-column elementor-element elementor-element-276a359\" data-id=\"276a359\" data-element_type=\"column\">\n\t\t\t<div class=\"elementor-column-wrap elementor-element-populated\">\n\t\t\t\t\t\t\t<div class=\"elementor-widget-wrap\">\n\t\t\t\t\t\t<div class=\"elementor-element elementor-element-a966a97 elementor-invisible elementor-widget elementor-widget-heading\" data-id=\"a966a97\" data-element_type=\"widget\" data-settings=\"{&quot;_animation&quot;:&quot;fadeInLeft&quot;}\" data-widget_type=\"heading.default\">\n\t\t\t\t<div class=\"elementor-widget-container\">\n\t\t\t<h2 class=\"elementor-heading-title elementor-size-large\">Options et flexibilit\u00e9<\/h2>\t\t<\/div>\n\t\t\t\t<\/div>\n\t\t\t\t<div class=\"elementor-element elementor-element-49103f8 elementor-widget elementor-widget-text-editor\" data-id=\"49103f8\" data-element_type=\"widget\" data-widget_type=\"text-editor.default\">\n\t\t\t\t<div class=\"elementor-widget-container\">\n\t\t\t\t\t\t\t\t<div class=\"elementor-text-editor elementor-clearfix\">\n\t\t\t\t<p>Le module est con\u00e7u pour s\u2019adapter \u00e0 vos besoins :<\/p><ul data-spread=\"false\"><li><p><strong>Multilingue<\/strong> : disponible en plusieurs langues pour les environnements internationaux.<\/p><\/li><li><p><strong>Multi-supports<\/strong> : jouable sur ordinateur ou en r\u00e9alit\u00e9 virtuelle, selon le niveau d\u2019immersion souhait\u00e9.<\/p><\/li><li><p><strong>Flexible<\/strong> : int\u00e9grable dans des formations, du coaching ou des parcours de d\u00e9veloppement des comp\u00e9tences \u00e0 l\u2019oral.<\/p><\/li><\/ul>\t\t\t\t\t<\/div>\n\t\t\t\t\t\t<\/div>\n\t\t\t\t<\/div>\n\t\t\t\t\t\t<\/div>\n\t\t\t\t\t<\/div>\n\t\t<\/div>\n\t\t\t\t\t\t\t\t<\/div>\n\t\t\t\t\t<\/div>\n\t\t<\/section>\n\t\t\t\t<section class=\"elementor-section elementor-top-section elementor-element elementor-element-43ac475 elementor-section-boxed elementor-section-height-default elementor-section-height-default\" data-id=\"43ac475\" data-element_type=\"section\">\n\t\t\t\t\t\t<div class=\"elementor-container elementor-column-gap-default\">\n\t\t\t\t\t\t\t<div class=\"elementor-row\">\n\t\t\t\t\t<div class=\"elementor-column elementor-col-100 elementor-top-column elementor-element elementor-element-9f9a027\" data-id=\"9f9a027\" data-element_type=\"column\">\n\t\t\t<div class=\"elementor-column-wrap elementor-element-populated\">\n\t\t\t\t\t\t\t<div class=\"elementor-widget-wrap\">\n\t\t\t\t\t\t<div class=\"elementor-element elementor-element-6537776 elementor-invisible elementor-widget elementor-widget-heading\" data-id=\"6537776\" data-element_type=\"widget\" data-settings=\"{&quot;_animation&quot;:&quot;fadeInRight&quot;}\" data-widget_type=\"heading.default\">\n\t\t\t\t<div class=\"elementor-widget-container\">\n\t\t\t<h2 class=\"elementor-heading-title elementor-size-large\">Envie d\u2019aller plus loin ?<\/h2>\t\t<\/div>\n\t\t\t\t<\/div>\n\t\t\t\t<div class=\"elementor-element elementor-element-da6c143 elementor-widget elementor-widget-text-editor\" data-id=\"da6c143\" data-element_type=\"widget\" data-widget_type=\"text-editor.default\">\n\t\t\t\t<div class=\"elementor-widget-container\">\n\t\t\t\t\t\t\t\t<div class=\"elementor-text-editor elementor-clearfix\">\n\t\t\t\t<p>D\u00e9couvrez la simulation ou int\u00e9grez le module dans vos parcours : <a disabled=\"disabled\"><strong>contact@widid.fr<\/strong><\/a><\/p>\t\t\t\t\t<\/div>\n\t\t\t\t\t\t<\/div>\n\t\t\t\t<\/div>\n\t\t\t\t<div class=\"elementor-element elementor-element-1e05dee elementor-align-center elementor-widget elementor-widget-button\" data-id=\"1e05dee\" data-element_type=\"widget\" data-widget_type=\"button.default\">\n\t\t\t\t<div class=\"elementor-widget-container\">\n\t\t\t\t\t<div class=\"elementor-button-wrapper\">\n\t\t\t<a href=\"https:\/\/calendar.google.com\/calendar\/u\/0\/appointments\/schedules\/AcZssZ2G_bZ70Juu7pNEDD97HYM8B5MfAsvw5tt_os0o6ZCAmTTKADSfIlUoyS0q0zwZ4gvs228RlPw8?gv=true&#038;utm_source=google&#038;utm_medium=Suivi+click+calendar&#038;utm_campaign=Suivi+click+calendar&#038;utm_id=Calendar_analytics1&#038;utm_term=tag_calendar_analytics&#038;utm_content=Calendar+Anne-Sophie\" class=\"elementor-button-link elementor-button elementor-size-sm\" role=\"button\">\n\t\t\t\t\t\t<span class=\"elementor-button-content-wrapper\">\n\t\t\t\t\t\t<span class=\"elementor-button-text\">Demander une d\u00e9mo !<\/span>\n\t\t<\/span>\n\t\t\t\t\t<\/a>\n\t\t<\/div>\n\t\t\t\t<\/div>\n\t\t\t\t<\/div>\n\t\t\t\t\t\t<\/div>\n\t\t\t\t\t<\/div>\n\t\t<\/div>\n\t\t\t\t\t\t\t\t<\/div>\n\t\t\t\t\t<\/div>\n\t\t<\/section>\n\t\t\t\t\t\t\t\t\t<\/div>\n\t\t\t<\/div>\n\t\t\t\t\t<\/div>","protected":false},"excerpt":{"rendered":"<p>Transformez votre mani\u00e8re de convaincre Convaincre \u00e0 l\u2019oral ne s\u2019improvise pas. Dans un pitch ou un entretien, chaque seconde compte : capter l\u2019attention, structurer son message, s\u2019adapter aux r\u00e9actions de l\u2019interlocuteur. La plupart des entra\u00eenements restent th\u00e9oriques. On pr\u00e9pare son discours, mais on ne se confronte pas \u00e0 une interaction<a class=\"moretag\" href=\"https:\/\/widid.fr\/en\/module-60s-pour-convaincre\/\"> Read more<\/a><\/p>","protected":false},"author":2,"featured_media":0,"parent":0,"menu_order":0,"comment_status":"closed","ping_status":"closed","template":"","meta":{"footnotes":""},"class_list":["post-5271","page","type-page","status-publish","hentry"],"yoast_head":"<!-- This site is optimized with the Yoast SEO plugin v19.13 - https:\/\/yoast.com\/wordpress\/plugins\/seo\/ -->\n<title>WiDID | Module 60&#039;s pour convaincre | Elevator Pitch<\/title>\n<meta name=\"description\" content=\"Am\u00e9liorez votre impact \u00e0 l\u2019oral en 60 secondes avec une simulation IA immersive, multilingue, sur ordinateur ou en r\u00e9alit\u00e9 virtuelle.\" \/>\n<meta name=\"robots\" content=\"index, follow, max-snippet:-1, max-image-preview:large, max-video-preview:-1\" \/>\n<link rel=\"canonical\" href=\"https:\/\/widid.fr\/en\/module-60s-pour-convaincre\/\" \/>\n<meta property=\"og:locale\" content=\"en_GB\" \/>\n<meta property=\"og:type\" content=\"article\" \/>\n<meta property=\"og:title\" content=\"WiDID | Module 60&#039;s pour convaincre | Elevator Pitch\" \/>\n<meta property=\"og:description\" content=\"Am\u00e9liorez votre impact \u00e0 l\u2019oral en 60 secondes avec une simulation IA immersive, multilingue, sur ordinateur ou en r\u00e9alit\u00e9 virtuelle.\" \/>\n<meta property=\"og:url\" content=\"https:\/\/widid.fr\/en\/module-60s-pour-convaincre\/\" \/>\n<meta property=\"og:site_name\" content=\"WiDiD\" \/>\n<meta property=\"article:modified_time\" content=\"2026-03-04T10:07:25+00:00\" \/>\n<meta name=\"twitter:card\" content=\"summary_large_image\" \/>\n<meta name=\"twitter:site\" content=\"@WIDID_France\" \/>\n<meta name=\"twitter:label1\" content=\"Estimated reading time\" \/>\n\t<meta name=\"twitter:data1\" content=\"2 minutes\" \/>\n<script type=\"application\/ld+json\" class=\"yoast-schema-graph\">{\"@context\":\"https:\/\/schema.org\",\"@graph\":[{\"@type\":\"WebPage\",\"@id\":\"https:\/\/widid.fr\/module-60s-pour-convaincre\/\",\"url\":\"https:\/\/widid.fr\/module-60s-pour-convaincre\/\",\"name\":\"WiDID | Module 60's pour convaincre | Elevator Pitch\",\"isPartOf\":{\"@id\":\"https:\/\/widid.fr\/#website\"},\"datePublished\":\"2026-02-09T14:43:01+00:00\",\"dateModified\":\"2026-03-04T10:07:25+00:00\",\"description\":\"Am\u00e9liorez votre impact \u00e0 l\u2019oral en 60 secondes avec une simulation IA immersive, multilingue, sur ordinateur ou en r\u00e9alit\u00e9 virtuelle.\",\"breadcrumb\":{\"@id\":\"https:\/\/widid.fr\/module-60s-pour-convaincre\/#breadcrumb\"},\"inLanguage\":\"en-GB\",\"potentialAction\":[{\"@type\":\"ReadAction\",\"target\":[\"https:\/\/widid.fr\/module-60s-pour-convaincre\/\"]}]},{\"@type\":\"BreadcrumbList\",\"@id\":\"https:\/\/widid.fr\/module-60s-pour-convaincre\/#breadcrumb\",\"itemListElement\":[{\"@type\":\"ListItem\",\"position\":1,\"name\":\"Accueil\",\"item\":\"https:\/\/widid.fr\/\"},{\"@type\":\"ListItem\",\"position\":2,\"name\":\"Module &#8211; 60\u2019s pour convaincre\"}]},{\"@type\":\"WebSite\",\"@id\":\"https:\/\/widid.fr\/#website\",\"url\":\"https:\/\/widid.fr\/\",\"name\":\"WiDiD\",\"description\":\"What I Do, I understanD\",\"publisher\":{\"@id\":\"https:\/\/widid.fr\/#organization\"},\"potentialAction\":[{\"@type\":\"SearchAction\",\"target\":{\"@type\":\"EntryPoint\",\"urlTemplate\":\"https:\/\/widid.fr\/?s={search_term_string}\"},\"query-input\":\"required name=search_term_string\"}],\"inLanguage\":\"en-GB\"},{\"@type\":\"Organization\",\"@id\":\"https:\/\/widid.fr\/#organization\",\"name\":\"WiDiD\",\"url\":\"https:\/\/widid.fr\/\",\"logo\":{\"@type\":\"ImageObject\",\"inLanguage\":\"en-GB\",\"@id\":\"https:\/\/widid.fr\/#\/schema\/logo\/image\/\",\"url\":\"https:\/\/widid.fr\/wp-content\/uploads\/2018\/10\/Logo_VF_degrade.png\",\"contentUrl\":\"https:\/\/widid.fr\/wp-content\/uploads\/2018\/10\/Logo_VF_degrade.png\",\"width\":6348,\"height\":2892,\"caption\":\"WiDiD\"},\"image\":{\"@id\":\"https:\/\/widid.fr\/#\/schema\/logo\/image\/\"},\"sameAs\":[\"https:\/\/www.linkedin.com\/company\/widid4u\",\"https:\/\/twitter.com\/WIDID_France\"]}]}<\/script>\n<!-- \/ Yoast SEO plugin. -->","yoast_head_json":{"title":"WiDID | Module 60's pour convaincre | Elevator Pitch","description":"Am\u00e9liorez votre impact \u00e0 l\u2019oral en 60 secondes avec une simulation IA immersive, multilingue, sur ordinateur ou en r\u00e9alit\u00e9 virtuelle.","robots":{"index":"index","follow":"follow","max-snippet":"max-snippet:-1","max-image-preview":"max-image-preview:large","max-video-preview":"max-video-preview:-1"},"canonical":"https:\/\/widid.fr\/en\/module-60s-pour-convaincre\/","og_locale":"en_GB","og_type":"article","og_title":"WiDID | Module 60's pour convaincre | Elevator Pitch","og_description":"Am\u00e9liorez votre impact \u00e0 l\u2019oral en 60 secondes avec une simulation IA immersive, multilingue, sur ordinateur ou en r\u00e9alit\u00e9 virtuelle.","og_url":"https:\/\/widid.fr\/en\/module-60s-pour-convaincre\/","og_site_name":"WiDiD","article_modified_time":"2026-03-04T10:07:25+00:00","twitter_card":"summary_large_image","twitter_site":"@WIDID_France","twitter_misc":{"Estimated reading time":"2 minutes"},"schema":{"@context":"https:\/\/schema.org","@graph":[{"@type":"WebPage","@id":"https:\/\/widid.fr\/module-60s-pour-convaincre\/","url":"https:\/\/widid.fr\/module-60s-pour-convaincre\/","name":"WiDID | Module 60's pour convaincre | Elevator Pitch","isPartOf":{"@id":"https:\/\/widid.fr\/#website"},"datePublished":"2026-02-09T14:43:01+00:00","dateModified":"2026-03-04T10:07:25+00:00","description":"Am\u00e9liorez votre impact \u00e0 l\u2019oral en 60 secondes avec une simulation IA immersive, multilingue, sur ordinateur ou en r\u00e9alit\u00e9 virtuelle.","breadcrumb":{"@id":"https:\/\/widid.fr\/module-60s-pour-convaincre\/#breadcrumb"},"inLanguage":"en-GB","potentialAction":[{"@type":"ReadAction","target":["https:\/\/widid.fr\/module-60s-pour-convaincre\/"]}]},{"@type":"BreadcrumbList","@id":"https:\/\/widid.fr\/module-60s-pour-convaincre\/#breadcrumb","itemListElement":[{"@type":"ListItem","position":1,"name":"Accueil","item":"https:\/\/widid.fr\/"},{"@type":"ListItem","position":2,"name":"Module &#8211; 60\u2019s pour convaincre"}]},{"@type":"WebSite","@id":"https:\/\/widid.fr\/#website","url":"https:\/\/widid.fr\/","name":"WiDiD","description":"What I Do, I understanD","publisher":{"@id":"https:\/\/widid.fr\/#organization"},"potentialAction":[{"@type":"SearchAction","target":{"@type":"EntryPoint","urlTemplate":"https:\/\/widid.fr\/?s={search_term_string}"},"query-input":"required name=search_term_string"}],"inLanguage":"en-GB"},{"@type":"Organization","@id":"https:\/\/widid.fr\/#organization","name":"WiDiD","url":"https:\/\/widid.fr\/","logo":{"@type":"ImageObject","inLanguage":"en-GB","@id":"https:\/\/widid.fr\/#\/schema\/logo\/image\/","url":"https:\/\/widid.fr\/wp-content\/uploads\/2018\/10\/Logo_VF_degrade.png","contentUrl":"https:\/\/widid.fr\/wp-content\/uploads\/2018\/10\/Logo_VF_degrade.png","width":6348,"height":2892,"caption":"WiDiD"},"image":{"@id":"https:\/\/widid.fr\/#\/schema\/logo\/image\/"},"sameAs":["https:\/\/www.linkedin.com\/company\/widid4u","https:\/\/twitter.com\/WIDID_France"]}]}},"_links":{"self":[{"href":"https:\/\/widid.fr\/en\/wp-json\/wp\/v2\/pages\/5271","targetHints":{"allow":["GET"]}}],"collection":[{"href":"https:\/\/widid.fr\/en\/wp-json\/wp\/v2\/pages"}],"about":[{"href":"https:\/\/widid.fr\/en\/wp-json\/wp\/v2\/types\/page"}],"author":[{"embeddable":true,"href":"https:\/\/widid.fr\/en\/wp-json\/wp\/v2\/users\/2"}],"replies":[{"embeddable":true,"href":"https:\/\/widid.fr\/en\/wp-json\/wp\/v2\/comments?post=5271"}],"version-history":[{"count":20,"href":"https:\/\/widid.fr\/en\/wp-json\/wp\/v2\/pages\/5271\/revisions"}],"predecessor-version":[{"id":5301,"href":"https:\/\/widid.fr\/en\/wp-json\/wp\/v2\/pages\/5271\/revisions\/5301"}],"wp:attachment":[{"href":"https:\/\/widid.fr\/en\/wp-json\/wp\/v2\/media?parent=5271"}],"curies":[{"name":"wp","href":"https:\/\/api.w.org\/{rel}","templated":true}]}}