{"id":500,"date":"2019-03-14T21:30:36","date_gmt":"2019-03-14T20:30:36","guid":{"rendered":"https:\/\/widid.fr\/?page_id=500"},"modified":"2020-07-29T02:22:23","modified_gmt":"2020-07-29T00:22:23","slug":"mentions-legales","status":"publish","type":"page","link":"https:\/\/widid.fr\/en\/mentions-legales\/","title":{"rendered":"Mentions l\u00e9gales"},"content":{"rendered":"<h2 class=\"wp-block-heading\">Edition du site<br><\/h2>\n\n\n\n<p>widid.fr est un site \u00e9dit\u00e9 par la soci\u00e9t\u00e9 WiDiD.<br>WiDiD est une SAS au capital de 10 410 euros, dont le si\u00e8ge social est \u00e0 Toulouse (31000) au 13, rue Sainte Ursule, immatricul\u00e9e au registre du commerce et des soci\u00e9t\u00e9s de Toulouse sous le num\u00e9ro B 842 744 617 (num\u00e9ro de TVA intracommunautaire FR 61 842 744 617).<\/p>\n\n\n\n<p>Directeur de la publication : Madame Aurore THION.<br><\/p>\n\n\n\n<h2 class=\"wp-block-heading\">Propri\u00e9t\u00e9 Intellectuelle<\/h2>\n\n\n\n<p>L&rsquo;ensemble de ce site rel\u00e8ve de la l\u00e9gislation fran\u00e7aise et internationale sur le droit d&rsquo;auteur et la propri\u00e9t\u00e9 intellectuelle. Tous les droits de reproduction sont r\u00e9serv\u00e9s, y compris les repr\u00e9sentations iconographiques et photographiques. La reproduction, adaptation et\/ou traduction de tout ou partie de ce site sur un support quel qu&rsquo;il soit, est formellement interdite sauf autorisation expresse du Directeur de la publication.<\/p>\n\n\n\n<h2 class=\"wp-block-heading\">Modification du site<\/h2>\n\n\n\n<p>L&rsquo;\u00e9quipe \u00e9ditoriale se r\u00e9serve le droit de modifier ou de corriger le contenu de ce site et de ces mentions l\u00e9gales \u00e0 tout moment et ceci sans pr\u00e9avis.<br><\/p>\n\n\n\n<h2 class=\"wp-block-heading\">H\u00e9bergeur<\/h2>\n\n\n\n<p>Le site widid.fr est h\u00e9berg\u00e9 par la soci\u00e9t\u00e9 OVH.<br>OVH<br>2 rue kellermann<br>59053 ROUBAIX  <br>T\u00e9l. : +33 9 72 10 10 07\ufeff\ufeff <\/p>","protected":false},"excerpt":{"rendered":"<p>Edition du site widid.fr est un site \u00e9dit\u00e9 par la soci\u00e9t\u00e9 WiDiD.WiDiD est une SAS au capital de 10 410 euros, dont le si\u00e8ge social est \u00e0 Toulouse (31000) au 13, rue Sainte Ursule, immatricul\u00e9e au registre du commerce et des soci\u00e9t\u00e9s de Toulouse sous le num\u00e9ro B 842 744<a class=\"moretag\" href=\"https:\/\/widid.fr\/en\/mentions-legales\/\"> Read more<\/a><\/p>","protected":false},"author":1,"featured_media":0,"parent":0,"menu_order":0,"comment_status":"closed","ping_status":"closed","template":"","meta":{"footnotes":""},"class_list":["post-500","page","type-page","status-publish","hentry"],"yoast_head":"<!-- This site is optimized with the Yoast SEO plugin v19.13 - https:\/\/yoast.com\/wordpress\/plugins\/seo\/ -->\n<title>Mentions l\u00e9gales - Widid.fr<\/title>\n<meta name=\"description\" content=\"Le site widid.fr est \u00e9dit\u00e9 par Anne-Sophie GIMENEZ et Aurore THION, dirigeantes de la soci\u00e9t\u00e9 WiDiD. Mentions l\u00e9gales. Tous droits r\u00e9serv\u00e9s.\" \/>\n<meta name=\"robots\" content=\"index, follow, max-snippet:-1, max-image-preview:large, max-video-preview:-1\" \/>\n<link rel=\"canonical\" href=\"https:\/\/widid.fr\/en\/mentions-legales\/\" \/>\n<meta property=\"og:locale\" content=\"en_GB\" \/>\n<meta property=\"og:type\" content=\"article\" \/>\n<meta property=\"og:title\" content=\"Mentions l\u00e9gales - Widid.fr\" \/>\n<meta property=\"og:description\" content=\"Le site widid.fr est \u00e9dit\u00e9 par Anne-Sophie GIMENEZ et Aurore THION, dirigeantes de la soci\u00e9t\u00e9 WiDiD. Mentions l\u00e9gales. Tous droits r\u00e9serv\u00e9s.\" \/>\n<meta property=\"og:url\" content=\"https:\/\/widid.fr\/en\/mentions-legales\/\" \/>\n<meta property=\"og:site_name\" content=\"WiDiD\" \/>\n<meta property=\"article:modified_time\" content=\"2020-07-29T00:22:23+00:00\" \/>\n<meta property=\"og:image\" content=\"https:\/\/widid.fr\/wp-content\/uploads\/2018\/10\/Logo_VF_degrade.png\" \/>\n\t<meta property=\"og:image:width\" content=\"6348\" \/>\n\t<meta property=\"og:image:height\" content=\"2892\" \/>\n\t<meta property=\"og:image:type\" content=\"image\/png\" \/>\n<meta name=\"twitter:card\" content=\"summary_large_image\" \/>\n<meta name=\"twitter:site\" content=\"@WIDID_France\" \/>\n<meta name=\"twitter:label1\" content=\"Estimated reading time\" \/>\n\t<meta name=\"twitter:data1\" content=\"1 minute\" \/>\n<script type=\"application\/ld+json\" class=\"yoast-schema-graph\">{\"@context\":\"https:\/\/schema.org\",\"@graph\":[{\"@type\":\"WebPage\",\"@id\":\"https:\/\/widid.fr\/mentions-legales\/\",\"url\":\"https:\/\/widid.fr\/mentions-legales\/\",\"name\":\"Mentions l\u00e9gales - Widid.fr\",\"isPartOf\":{\"@id\":\"https:\/\/widid.fr\/#website\"},\"datePublished\":\"2019-03-14T20:30:36+00:00\",\"dateModified\":\"2020-07-29T00:22:23+00:00\",\"description\":\"Le site widid.fr est \u00e9dit\u00e9 par Anne-Sophie GIMENEZ et Aurore THION, dirigeantes de la soci\u00e9t\u00e9 WiDiD. Mentions l\u00e9gales. Tous droits r\u00e9serv\u00e9s.\",\"breadcrumb\":{\"@id\":\"https:\/\/widid.fr\/mentions-legales\/#breadcrumb\"},\"inLanguage\":\"en-GB\",\"potentialAction\":[{\"@type\":\"ReadAction\",\"target\":[\"https:\/\/widid.fr\/mentions-legales\/\"]}]},{\"@type\":\"BreadcrumbList\",\"@id\":\"https:\/\/widid.fr\/mentions-legales\/#breadcrumb\",\"itemListElement\":[{\"@type\":\"ListItem\",\"position\":1,\"name\":\"Accueil\",\"item\":\"https:\/\/widid.fr\/\"},{\"@type\":\"ListItem\",\"position\":2,\"name\":\"Mentions l\u00e9gales\"}]},{\"@type\":\"WebSite\",\"@id\":\"https:\/\/widid.fr\/#website\",\"url\":\"https:\/\/widid.fr\/\",\"name\":\"WiDiD\",\"description\":\"What I Do, I understanD\",\"publisher\":{\"@id\":\"https:\/\/widid.fr\/#organization\"},\"potentialAction\":[{\"@type\":\"SearchAction\",\"target\":{\"@type\":\"EntryPoint\",\"urlTemplate\":\"https:\/\/widid.fr\/?s={search_term_string}\"},\"query-input\":\"required name=search_term_string\"}],\"inLanguage\":\"en-GB\"},{\"@type\":\"Organization\",\"@id\":\"https:\/\/widid.fr\/#organization\",\"name\":\"WiDiD\",\"url\":\"https:\/\/widid.fr\/\",\"logo\":{\"@type\":\"ImageObject\",\"inLanguage\":\"en-GB\",\"@id\":\"https:\/\/widid.fr\/#\/schema\/logo\/image\/\",\"url\":\"https:\/\/widid.fr\/wp-content\/uploads\/2018\/10\/Logo_VF_degrade.png\",\"contentUrl\":\"https:\/\/widid.fr\/wp-content\/uploads\/2018\/10\/Logo_VF_degrade.png\",\"width\":6348,\"height\":2892,\"caption\":\"WiDiD\"},\"image\":{\"@id\":\"https:\/\/widid.fr\/#\/schema\/logo\/image\/\"},\"sameAs\":[\"https:\/\/www.linkedin.com\/company\/widid4u\",\"https:\/\/twitter.com\/WIDID_France\"]}]}<\/script>\n<!-- \/ Yoast SEO plugin. -->","yoast_head_json":{"title":"Mentions l\u00e9gales - Widid.fr","description":"Le site widid.fr est \u00e9dit\u00e9 par Anne-Sophie GIMENEZ et Aurore THION, dirigeantes de la soci\u00e9t\u00e9 WiDiD. Mentions l\u00e9gales. Tous droits r\u00e9serv\u00e9s.","robots":{"index":"index","follow":"follow","max-snippet":"max-snippet:-1","max-image-preview":"max-image-preview:large","max-video-preview":"max-video-preview:-1"},"canonical":"https:\/\/widid.fr\/en\/mentions-legales\/","og_locale":"en_GB","og_type":"article","og_title":"Mentions l\u00e9gales - Widid.fr","og_description":"Le site widid.fr est \u00e9dit\u00e9 par Anne-Sophie GIMENEZ et Aurore THION, dirigeantes de la soci\u00e9t\u00e9 WiDiD. Mentions l\u00e9gales. Tous droits r\u00e9serv\u00e9s.","og_url":"https:\/\/widid.fr\/en\/mentions-legales\/","og_site_name":"WiDiD","article_modified_time":"2020-07-29T00:22:23+00:00","og_image":[{"width":6348,"height":2892,"url":"https:\/\/widid.fr\/wp-content\/uploads\/2018\/10\/Logo_VF_degrade.png","type":"image\/png"}],"twitter_card":"summary_large_image","twitter_site":"@WIDID_France","twitter_misc":{"Estimated reading time":"1 minute"},"schema":{"@context":"https:\/\/schema.org","@graph":[{"@type":"WebPage","@id":"https:\/\/widid.fr\/mentions-legales\/","url":"https:\/\/widid.fr\/mentions-legales\/","name":"Mentions l\u00e9gales - Widid.fr","isPartOf":{"@id":"https:\/\/widid.fr\/#website"},"datePublished":"2019-03-14T20:30:36+00:00","dateModified":"2020-07-29T00:22:23+00:00","description":"Le site widid.fr est \u00e9dit\u00e9 par Anne-Sophie GIMENEZ et Aurore THION, dirigeantes de la soci\u00e9t\u00e9 WiDiD. Mentions l\u00e9gales. Tous droits r\u00e9serv\u00e9s.","breadcrumb":{"@id":"https:\/\/widid.fr\/mentions-legales\/#breadcrumb"},"inLanguage":"en-GB","potentialAction":[{"@type":"ReadAction","target":["https:\/\/widid.fr\/mentions-legales\/"]}]},{"@type":"BreadcrumbList","@id":"https:\/\/widid.fr\/mentions-legales\/#breadcrumb","itemListElement":[{"@type":"ListItem","position":1,"name":"Accueil","item":"https:\/\/widid.fr\/"},{"@type":"ListItem","position":2,"name":"Mentions l\u00e9gales"}]},{"@type":"WebSite","@id":"https:\/\/widid.fr\/#website","url":"https:\/\/widid.fr\/","name":"WiDiD","description":"What I Do, I understanD","publisher":{"@id":"https:\/\/widid.fr\/#organization"},"potentialAction":[{"@type":"SearchAction","target":{"@type":"EntryPoint","urlTemplate":"https:\/\/widid.fr\/?s={search_term_string}"},"query-input":"required name=search_term_string"}],"inLanguage":"en-GB"},{"@type":"Organization","@id":"https:\/\/widid.fr\/#organization","name":"WiDiD","url":"https:\/\/widid.fr\/","logo":{"@type":"ImageObject","inLanguage":"en-GB","@id":"https:\/\/widid.fr\/#\/schema\/logo\/image\/","url":"https:\/\/widid.fr\/wp-content\/uploads\/2018\/10\/Logo_VF_degrade.png","contentUrl":"https:\/\/widid.fr\/wp-content\/uploads\/2018\/10\/Logo_VF_degrade.png","width":6348,"height":2892,"caption":"WiDiD"},"image":{"@id":"https:\/\/widid.fr\/#\/schema\/logo\/image\/"},"sameAs":["https:\/\/www.linkedin.com\/company\/widid4u","https:\/\/twitter.com\/WIDID_France"]}]}},"_links":{"self":[{"href":"https:\/\/widid.fr\/en\/wp-json\/wp\/v2\/pages\/500","targetHints":{"allow":["GET"]}}],"collection":[{"href":"https:\/\/widid.fr\/en\/wp-json\/wp\/v2\/pages"}],"about":[{"href":"https:\/\/widid.fr\/en\/wp-json\/wp\/v2\/types\/page"}],"author":[{"embeddable":true,"href":"https:\/\/widid.fr\/en\/wp-json\/wp\/v2\/users\/1"}],"replies":[{"embeddable":true,"href":"https:\/\/widid.fr\/en\/wp-json\/wp\/v2\/comments?post=500"}],"version-history":[{"count":6,"href":"https:\/\/widid.fr\/en\/wp-json\/wp\/v2\/pages\/500\/revisions"}],"predecessor-version":[{"id":1559,"href":"https:\/\/widid.fr\/en\/wp-json\/wp\/v2\/pages\/500\/revisions\/1559"}],"wp:attachment":[{"href":"https:\/\/widid.fr\/en\/wp-json\/wp\/v2\/media?parent=500"}],"curies":[{"name":"wp","href":"https:\/\/api.w.org\/{rel}","templated":true}]}}