{"id":5,"date":"2018-06-14T23:47:42","date_gmt":"2018-06-14T21:47:42","guid":{"rendered":"http:\/\/widid.fr\/?page_id=5"},"modified":"2020-08-04T02:10:02","modified_gmt":"2020-08-04T00:10:02","slug":"widid-fr","status":"publish","type":"page","link":"https:\/\/widid.fr\/en\/widid-fr\/","title":{"rendered":"L&rsquo;immersive Learning"},"content":{"rendered":"<div data-elementor-type=\"wp-post\" data-elementor-id=\"5\" class=\"elementor elementor-5\">\n\t\t\t\t\t\t<div class=\"elementor-inner\">\n\t\t\t\t<div class=\"elementor-section-wrap\">\n\t\t\t\t\t\t\t\t\t<section class=\"elementor-section elementor-top-section elementor-element elementor-element-8edf042 elementor-section-boxed elementor-section-height-default elementor-section-height-default\" data-id=\"8edf042\" data-element_type=\"section\">\n\t\t\t\t\t\t<div class=\"elementor-container elementor-column-gap-default\">\n\t\t\t\t\t\t\t<div class=\"elementor-row\">\n\t\t\t\t\t<div class=\"elementor-column elementor-col-100 elementor-top-column elementor-element elementor-element-d0f2435\" data-id=\"d0f2435\" data-element_type=\"column\">\n\t\t\t<div class=\"elementor-column-wrap elementor-element-populated\">\n\t\t\t\t\t\t\t<div class=\"elementor-widget-wrap\">\n\t\t\t\t\t\t<div class=\"elementor-element elementor-element-4177563 elementor-widget elementor-widget-heading\" data-id=\"4177563\" data-element_type=\"widget\" data-widget_type=\"heading.default\">\n\t\t\t\t<div class=\"elementor-widget-container\">\n\t\t\t<h2 class=\"elementor-heading-title elementor-size-xl\">Why immersive learning?<\/h2>\t\t<\/div>\n\t\t\t\t<\/div>\n\t\t\t\t\t\t<\/div>\n\t\t\t\t\t<\/div>\n\t\t<\/div>\n\t\t\t\t\t\t\t\t<\/div>\n\t\t\t\t\t<\/div>\n\t\t<\/section>\n\t\t\t\t<section class=\"elementor-section elementor-top-section elementor-element elementor-element-d88bf17 elementor-section-boxed elementor-section-height-default elementor-section-height-default\" data-id=\"d88bf17\" data-element_type=\"section\">\n\t\t\t\t\t\t<div class=\"elementor-container elementor-column-gap-default\">\n\t\t\t\t\t\t\t<div class=\"elementor-row\">\n\t\t\t\t\t<div class=\"elementor-column elementor-col-100 elementor-top-column elementor-element elementor-element-010b23a\" data-id=\"010b23a\" data-element_type=\"column\">\n\t\t\t<div class=\"elementor-column-wrap elementor-element-populated\">\n\t\t\t\t\t\t\t<div class=\"elementor-widget-wrap\">\n\t\t\t\t\t\t<div class=\"elementor-element elementor-element-6f2e475 elementor-widget elementor-widget-text-editor\" data-id=\"6f2e475\" data-element_type=\"widget\" data-widget_type=\"text-editor.default\">\n\t\t\t\t<div class=\"elementor-widget-container\">\n\t\t\t\t\t\t\t\t<div class=\"elementor-text-editor elementor-clearfix\">\n\t\t\t\t<p style=\"font-family: 'Titillium Web'; font-size: 17px;\">In 2015, we tested immersive learning with our Orange colleagues.<br \/>More engaged, better prepared, they trained in VR simulators.<\/p><p style=\"font-family: 'Titillium Web'; font-size: 17px;\">Thanks to virtual reality (VR), we can now <strong>learn by doing,<\/strong>we develop our skills faster and more sustainably.<\/p><p style=\"font-family: 'Titillium Web'; font-size: 17px;\">Today, you want to test, you want to distribute your VR content on a large scale, how to do it? With who ?<\/p><p style=\"font-family: 'Titillium Web'; font-size: 17px;\">Don't panic! We have the solution!<\/p>\t\t\t\t\t<\/div>\n\t\t\t\t\t\t<\/div>\n\t\t\t\t<\/div>\n\t\t\t\t\t\t<\/div>\n\t\t\t\t\t<\/div>\n\t\t<\/div>\n\t\t\t\t\t\t\t\t<\/div>\n\t\t\t\t\t<\/div>\n\t\t<\/section>\n\t\t\t\t<section class=\"elementor-section elementor-top-section elementor-element elementor-element-fbc5067 elementor-section-boxed elementor-section-height-default elementor-section-height-default\" data-id=\"fbc5067\" data-element_type=\"section\">\n\t\t\t\t\t\t<div class=\"elementor-container elementor-column-gap-default\">\n\t\t\t\t\t\t\t<div class=\"elementor-row\">\n\t\t\t\t\t<div class=\"elementor-column elementor-col-100 elementor-top-column elementor-element elementor-element-03236d0\" data-id=\"03236d0\" data-element_type=\"column\">\n\t\t\t<div class=\"elementor-column-wrap elementor-element-populated\">\n\t\t\t\t\t\t\t<div class=\"elementor-widget-wrap\">\n\t\t\t\t\t\t<div class=\"elementor-element elementor-element-01bbe9f elementor-widget elementor-widget-text-editor\" data-id=\"01bbe9f\" data-element_type=\"widget\" data-widget_type=\"text-editor.default\">\n\t\t\t\t<div class=\"elementor-widget-container\">\n\t\t\t\t\t\t\t\t<div class=\"elementor-text-editor elementor-clearfix\">\n\t\t\t\t<h1 style=\"text-align: center;\"><span style=\"font-family: 'Titillium Web';\">Ensemble, d\u00e9mocratisons l\u2019usage de la VR en entreprise.<\/span><\/h1>\t\t\t\t\t<\/div>\n\t\t\t\t\t\t<\/div>\n\t\t\t\t<\/div>\n\t\t\t\t\t\t<\/div>\n\t\t\t\t\t<\/div>\n\t\t<\/div>\n\t\t\t\t\t\t\t\t<\/div>\n\t\t\t\t\t<\/div>\n\t\t<\/section>\n\t\t\t\t<section class=\"elementor-section elementor-top-section elementor-element elementor-element-24a3b2c elementor-section-boxed elementor-section-height-default elementor-section-height-default\" data-id=\"24a3b2c\" data-element_type=\"section\">\n\t\t\t\t\t\t<div class=\"elementor-container elementor-column-gap-default\">\n\t\t\t\t\t\t\t<div class=\"elementor-row\">\n\t\t\t\t\t<div class=\"elementor-column elementor-col-100 elementor-top-column elementor-element elementor-element-0b47032\" data-id=\"0b47032\" data-element_type=\"column\">\n\t\t\t<div class=\"elementor-column-wrap elementor-element-populated\">\n\t\t\t\t\t\t\t<div class=\"elementor-widget-wrap\">\n\t\t\t\t\t\t<div class=\"elementor-element elementor-element-9259077 elementor-align-center elementor-widget elementor-widget-button\" data-id=\"9259077\" data-element_type=\"widget\" data-widget_type=\"button.default\">\n\t\t\t\t<div class=\"elementor-widget-container\">\n\t\t\t\t\t<div class=\"elementor-button-wrapper\">\n\t\t\t<a href=\"https:\/\/widid.fr\/en\/widid-immersive\/\" class=\"elementor-button-link elementor-button elementor-size-sm\" role=\"button\" id=\"ESP_plate-forme\">\n\t\t\t\t\t\t<span class=\"elementor-button-content-wrapper\">\n\t\t\t\t\t\t<span class=\"elementor-button-text\">Learn more<\/span>\n\t\t<\/span>\n\t\t\t\t\t<\/a>\n\t\t<\/div>\n\t\t\t\t<\/div>\n\t\t\t\t<\/div>\n\t\t\t\t\t\t<\/div>\n\t\t\t\t\t<\/div>\n\t\t<\/div>\n\t\t\t\t\t\t\t\t<\/div>\n\t\t\t\t\t<\/div>\n\t\t<\/section>\n\t\t\t\t\t\t\t\t\t<\/div>\n\t\t\t<\/div>\n\t\t\t\t\t<\/div>","protected":false},"excerpt":{"rendered":"<p>Pourquoi l&rsquo;immersive Learning ? En 2015, nous avons test\u00e9 l&rsquo;immersive learning aupr\u00e8s de nos coll\u00e8gues d\u2019Orange. Plus engag\u00e9s, mieux pr\u00e9par\u00e9s, ils se sont entra\u00een\u00e9s dans des simulateurs VR. Gr\u00e2ce \u00e0 la r\u00e9alit\u00e9 virtuelle (VR), nous pouvons d\u00e9sormais apprendre en faisant, nous d\u00e9veloppons plus vite et plus durablement nos comp\u00e9tences. Aujourd\u2019hui,<a class=\"moretag\" href=\"https:\/\/widid.fr\/en\/widid-fr\/\"> Read more<\/a><\/p>","protected":false},"author":1,"featured_media":1357,"parent":0,"menu_order":0,"comment_status":"closed","ping_status":"closed","template":"","meta":{"footnotes":""},"class_list":["post-5","page","type-page","status-publish","has-post-thumbnail","hentry"],"yoast_head":"<!-- This site is optimized with the Yoast SEO plugin v19.13 - https:\/\/yoast.com\/wordpress\/plugins\/seo\/ -->\n<title>WiDiD - What I Do, I understanD - Conseil en immersive learning<\/title>\n<meta name=\"description\" content=\"Vous souhaitez optimiser les comp\u00e9tences de vos collaborateurs ? Widid conseil et accompagne les entreprises avec la 1\u00e8re plate-forme d&#039;immersive learning.\" \/>\n<meta name=\"robots\" content=\"index, follow, max-snippet:-1, max-image-preview:large, max-video-preview:-1\" \/>\n<link rel=\"canonical\" href=\"https:\/\/widid.fr\/en\/widid-fr\/\" \/>\n<meta property=\"og:locale\" content=\"en_GB\" \/>\n<meta property=\"og:type\" content=\"article\" \/>\n<meta property=\"og:title\" content=\"WiDiD - What I Do, I understanD - Conseil en immersive learning\" \/>\n<meta property=\"og:description\" content=\"Vous souhaitez optimiser les comp\u00e9tences de vos collaborateurs ? Widid conseil et accompagne les entreprises avec la 1\u00e8re plate-forme d&#039;immersive learning.\" \/>\n<meta property=\"og:url\" content=\"https:\/\/widid.fr\/en\/widid-fr\/\" \/>\n<meta property=\"og:site_name\" content=\"WiDiD\" \/>\n<meta property=\"article:modified_time\" content=\"2020-08-04T00:10:02+00:00\" \/>\n<meta property=\"og:image\" content=\"https:\/\/widid.fr\/wp-content\/uploads\/2020\/03\/iStock-1147229526-Converti.png\" \/>\n\t<meta property=\"og:image:width\" content=\"1250\" \/>\n\t<meta property=\"og:image:height\" content=\"834\" \/>\n\t<meta property=\"og:image:type\" content=\"image\/png\" \/>\n<meta name=\"twitter:card\" content=\"summary_large_image\" \/>\n<meta name=\"twitter:site\" content=\"@WIDID_France\" \/>\n<script type=\"application\/ld+json\" class=\"yoast-schema-graph\">{\"@context\":\"https:\/\/schema.org\",\"@graph\":[{\"@type\":\"WebPage\",\"@id\":\"https:\/\/widid.fr\/widid-fr\/\",\"url\":\"https:\/\/widid.fr\/widid-fr\/\",\"name\":\"WiDiD - What I Do, I understanD - Conseil en immersive learning\",\"isPartOf\":{\"@id\":\"https:\/\/widid.fr\/#website\"},\"datePublished\":\"2018-06-14T21:47:42+00:00\",\"dateModified\":\"2020-08-04T00:10:02+00:00\",\"description\":\"Vous souhaitez optimiser les comp\u00e9tences de vos collaborateurs ? Widid conseil et accompagne les entreprises avec la 1\u00e8re plate-forme d'immersive learning.\",\"breadcrumb\":{\"@id\":\"https:\/\/widid.fr\/widid-fr\/#breadcrumb\"},\"inLanguage\":\"en-GB\",\"potentialAction\":[{\"@type\":\"ReadAction\",\"target\":[\"https:\/\/widid.fr\/widid-fr\/\"]}]},{\"@type\":\"BreadcrumbList\",\"@id\":\"https:\/\/widid.fr\/widid-fr\/#breadcrumb\",\"itemListElement\":[{\"@type\":\"ListItem\",\"position\":1,\"name\":\"Accueil\",\"item\":\"https:\/\/widid.fr\/\"},{\"@type\":\"ListItem\",\"position\":2,\"name\":\"L&rsquo;immersive Learning\"}]},{\"@type\":\"WebSite\",\"@id\":\"https:\/\/widid.fr\/#website\",\"url\":\"https:\/\/widid.fr\/\",\"name\":\"WiDiD\",\"description\":\"What I Do, I understanD\",\"publisher\":{\"@id\":\"https:\/\/widid.fr\/#organization\"},\"potentialAction\":[{\"@type\":\"SearchAction\",\"target\":{\"@type\":\"EntryPoint\",\"urlTemplate\":\"https:\/\/widid.fr\/?s={search_term_string}\"},\"query-input\":\"required name=search_term_string\"}],\"inLanguage\":\"en-GB\"},{\"@type\":\"Organization\",\"@id\":\"https:\/\/widid.fr\/#organization\",\"name\":\"WiDiD\",\"url\":\"https:\/\/widid.fr\/\",\"logo\":{\"@type\":\"ImageObject\",\"inLanguage\":\"en-GB\",\"@id\":\"https:\/\/widid.fr\/#\/schema\/logo\/image\/\",\"url\":\"https:\/\/widid.fr\/wp-content\/uploads\/2018\/10\/Logo_VF_degrade.png\",\"contentUrl\":\"https:\/\/widid.fr\/wp-content\/uploads\/2018\/10\/Logo_VF_degrade.png\",\"width\":6348,\"height\":2892,\"caption\":\"WiDiD\"},\"image\":{\"@id\":\"https:\/\/widid.fr\/#\/schema\/logo\/image\/\"},\"sameAs\":[\"https:\/\/www.linkedin.com\/company\/widid4u\",\"https:\/\/twitter.com\/WIDID_France\"]}]}<\/script>\n<!-- \/ Yoast SEO plugin. -->","yoast_head_json":{"title":"WiDiD - What I Do, I understanD - Conseil en immersive learning","description":"Vous souhaitez optimiser les comp\u00e9tences de vos collaborateurs ? Widid conseil et accompagne les entreprises avec la 1\u00e8re plate-forme d'immersive learning.","robots":{"index":"index","follow":"follow","max-snippet":"max-snippet:-1","max-image-preview":"max-image-preview:large","max-video-preview":"max-video-preview:-1"},"canonical":"https:\/\/widid.fr\/en\/widid-fr\/","og_locale":"en_GB","og_type":"article","og_title":"WiDiD - What I Do, I understanD - Conseil en immersive learning","og_description":"Vous souhaitez optimiser les comp\u00e9tences de vos collaborateurs ? Widid conseil et accompagne les entreprises avec la 1\u00e8re plate-forme d'immersive learning.","og_url":"https:\/\/widid.fr\/en\/widid-fr\/","og_site_name":"WiDiD","article_modified_time":"2020-08-04T00:10:02+00:00","og_image":[{"width":1250,"height":834,"url":"https:\/\/widid.fr\/wp-content\/uploads\/2020\/03\/iStock-1147229526-Converti.png","type":"image\/png"}],"twitter_card":"summary_large_image","twitter_site":"@WIDID_France","schema":{"@context":"https:\/\/schema.org","@graph":[{"@type":"WebPage","@id":"https:\/\/widid.fr\/widid-fr\/","url":"https:\/\/widid.fr\/widid-fr\/","name":"WiDiD - What I Do, I understanD - Conseil en immersive learning","isPartOf":{"@id":"https:\/\/widid.fr\/#website"},"datePublished":"2018-06-14T21:47:42+00:00","dateModified":"2020-08-04T00:10:02+00:00","description":"Vous souhaitez optimiser les comp\u00e9tences de vos collaborateurs ? Widid conseil et accompagne les entreprises avec la 1\u00e8re plate-forme d'immersive learning.","breadcrumb":{"@id":"https:\/\/widid.fr\/widid-fr\/#breadcrumb"},"inLanguage":"en-GB","potentialAction":[{"@type":"ReadAction","target":["https:\/\/widid.fr\/widid-fr\/"]}]},{"@type":"BreadcrumbList","@id":"https:\/\/widid.fr\/widid-fr\/#breadcrumb","itemListElement":[{"@type":"ListItem","position":1,"name":"Accueil","item":"https:\/\/widid.fr\/"},{"@type":"ListItem","position":2,"name":"L&rsquo;immersive Learning"}]},{"@type":"WebSite","@id":"https:\/\/widid.fr\/#website","url":"https:\/\/widid.fr\/","name":"WiDiD","description":"What I Do, I understanD","publisher":{"@id":"https:\/\/widid.fr\/#organization"},"potentialAction":[{"@type":"SearchAction","target":{"@type":"EntryPoint","urlTemplate":"https:\/\/widid.fr\/?s={search_term_string}"},"query-input":"required name=search_term_string"}],"inLanguage":"en-GB"},{"@type":"Organization","@id":"https:\/\/widid.fr\/#organization","name":"WiDiD","url":"https:\/\/widid.fr\/","logo":{"@type":"ImageObject","inLanguage":"en-GB","@id":"https:\/\/widid.fr\/#\/schema\/logo\/image\/","url":"https:\/\/widid.fr\/wp-content\/uploads\/2018\/10\/Logo_VF_degrade.png","contentUrl":"https:\/\/widid.fr\/wp-content\/uploads\/2018\/10\/Logo_VF_degrade.png","width":6348,"height":2892,"caption":"WiDiD"},"image":{"@id":"https:\/\/widid.fr\/#\/schema\/logo\/image\/"},"sameAs":["https:\/\/www.linkedin.com\/company\/widid4u","https:\/\/twitter.com\/WIDID_France"]}]}},"_links":{"self":[{"href":"https:\/\/widid.fr\/en\/wp-json\/wp\/v2\/pages\/5","targetHints":{"allow":["GET"]}}],"collection":[{"href":"https:\/\/widid.fr\/en\/wp-json\/wp\/v2\/pages"}],"about":[{"href":"https:\/\/widid.fr\/en\/wp-json\/wp\/v2\/types\/page"}],"author":[{"embeddable":true,"href":"https:\/\/widid.fr\/en\/wp-json\/wp\/v2\/users\/1"}],"replies":[{"embeddable":true,"href":"https:\/\/widid.fr\/en\/wp-json\/wp\/v2\/comments?post=5"}],"version-history":[{"count":69,"href":"https:\/\/widid.fr\/en\/wp-json\/wp\/v2\/pages\/5\/revisions"}],"predecessor-version":[{"id":3611,"href":"https:\/\/widid.fr\/en\/wp-json\/wp\/v2\/pages\/5\/revisions\/3611"}],"wp:featuredmedia":[{"embeddable":true,"href":"https:\/\/widid.fr\/en\/wp-json\/wp\/v2\/media\/1357"}],"wp:attachment":[{"href":"https:\/\/widid.fr\/en\/wp-json\/wp\/v2\/media?parent=5"}],"curies":[{"name":"wp","href":"https:\/\/api.w.org\/{rel}","templated":true}]}}