{"id":2443,"date":"2021-02-20T17:07:22","date_gmt":"2021-02-20T16:07:22","guid":{"rendered":"https:\/\/widid.fr\/?page_id=2443"},"modified":"2021-04-02T10:00:00","modified_gmt":"2021-04-02T08:00:00","slug":"podcast-dc","status":"publish","type":"page","link":"https:\/\/widid.fr\/en\/podcast-dc\/","title":{"rendered":"Podcast"},"content":{"rendered":"<div data-elementor-type=\"wp-page\" data-elementor-id=\"2443\" class=\"elementor elementor-2443\">\n\t\t\t\t\t\t<div class=\"elementor-inner\">\n\t\t\t\t<div class=\"elementor-section-wrap\">\n\t\t\t\t\t\t\t\t\t<section class=\"elementor-section elementor-top-section elementor-element elementor-element-c007f4a elementor-section-full_width elementor-section-height-default elementor-section-height-default\" data-id=\"c007f4a\" data-element_type=\"section\">\n\t\t\t\t\t\t<div class=\"elementor-container elementor-column-gap-default\">\n\t\t\t\t\t\t\t<div class=\"elementor-row\">\n\t\t\t\t\t<div class=\"elementor-column elementor-col-100 elementor-top-column elementor-element elementor-element-c8d9f3f\" data-id=\"c8d9f3f\" data-element_type=\"column\">\n\t\t\t<div class=\"elementor-column-wrap elementor-element-populated\">\n\t\t\t\t\t\t\t<div class=\"elementor-widget-wrap\">\n\t\t\t\t\t\t<div class=\"elementor-element elementor-element-8ec8af0 elementor-widget elementor-widget-image\" data-id=\"8ec8af0\" data-element_type=\"widget\" data-widget_type=\"image.default\">\n\t\t\t\t<div class=\"elementor-widget-container\">\n\t\t\t\t\t\t\t\t<div class=\"elementor-image\">\n\t\t\t\t\t\t\t\t\t\t\t\t<img loading=\"lazy\" decoding=\"async\" width=\"750\" height=\"145\" src=\"https:\/\/widid.fr\/wp-content\/uploads\/2021\/02\/Dessin-podcast.png\" class=\"attachment-large size-large wp-image-2445\" alt=\"\" srcset=\"https:\/\/widid.fr\/wp-content\/uploads\/2021\/02\/Dessin-podcast.png 1920w, https:\/\/widid.fr\/wp-content\/uploads\/2021\/02\/Dessin-podcast-1200x233.png 1200w, https:\/\/widid.fr\/wp-content\/uploads\/2021\/02\/Dessin-podcast-768x149.png 768w, https:\/\/widid.fr\/wp-content\/uploads\/2021\/02\/Dessin-podcast-1536x298.png 1536w, https:\/\/widid.fr\/wp-content\/uploads\/2021\/02\/Dessin-podcast-16x3.png 16w\" sizes=\"auto, (max-width: 750px) 100vw, 750px\" \/>\t\t\t\t\t\t\t\t\t\t\t\t\t\t<\/div>\n\t\t\t\t\t\t<\/div>\n\t\t\t\t<\/div>\n\t\t\t\t\t\t<\/div>\n\t\t\t\t\t<\/div>\n\t\t<\/div>\n\t\t\t\t\t\t\t\t<\/div>\n\t\t\t\t\t<\/div>\n\t\t<\/section>\n\t\t\t\t<section class=\"elementor-section elementor-top-section elementor-element elementor-element-bf7e26b elementor-section-height-min-height elementor-section-boxed elementor-section-height-default elementor-section-items-middle\" data-id=\"bf7e26b\" data-element_type=\"section\">\n\t\t\t\t\t\t<div class=\"elementor-container elementor-column-gap-default\">\n\t\t\t\t\t\t\t<div class=\"elementor-row\">\n\t\t\t\t\t<div class=\"elementor-column elementor-col-50 elementor-top-column elementor-element elementor-element-50978c6\" data-id=\"50978c6\" data-element_type=\"column\">\n\t\t\t<div class=\"elementor-column-wrap elementor-element-populated\">\n\t\t\t\t\t\t\t<div class=\"elementor-widget-wrap\">\n\t\t\t\t\t\t<section class=\"elementor-section elementor-inner-section elementor-element elementor-element-833f537 elementor-section-height-min-height elementor-section-boxed elementor-section-height-default\" data-id=\"833f537\" data-element_type=\"section\" data-settings=\"{&quot;background_background&quot;:&quot;classic&quot;}\">\n\t\t\t\t\t\t<div class=\"elementor-container elementor-column-gap-default\">\n\t\t\t\t\t\t\t<div class=\"elementor-row\">\n\t\t\t\t\t<div class=\"elementor-column elementor-col-100 elementor-inner-column elementor-element elementor-element-f1973c3\" data-id=\"f1973c3\" data-element_type=\"column\">\n\t\t\t<div class=\"elementor-column-wrap elementor-element-populated\">\n\t\t\t\t\t\t\t<div class=\"elementor-widget-wrap\">\n\t\t\t\t\t\t<div class=\"elementor-element elementor-element-86cdb9b elementor-widget elementor-widget-heading\" data-id=\"86cdb9b\" data-element_type=\"widget\" data-widget_type=\"heading.default\">\n\t\t\t\t<div class=\"elementor-widget-container\">\n\t\t\t<h2 class=\"elementor-heading-title elementor-size-default\">Podcast \u201cLes inflexions du digital learning\u201d<\/h2>\t\t<\/div>\n\t\t\t\t<\/div>\n\t\t\t\t<div class=\"elementor-element elementor-element-f6b1ce6 elementor-widget elementor-widget-heading\" data-id=\"f6b1ce6\" data-element_type=\"widget\" data-widget_type=\"heading.default\">\n\t\t\t\t<div class=\"elementor-widget-container\">\n\t\t\t<h2 class=\"elementor-heading-title elementor-size-default\">Episode 13 : La formation \u00e0 distance va-t-elle tenir dans la dur\u00e9e ?<\/h2>\t\t<\/div>\n\t\t\t\t<\/div>\n\t\t\t\t<div class=\"elementor-element elementor-element-3c0cc36 elementor-widget elementor-widget-heading\" data-id=\"3c0cc36\" data-element_type=\"widget\" data-widget_type=\"heading.default\">\n\t\t\t\t<div class=\"elementor-widget-container\">\n\t\t\t<h2 class=\"elementor-heading-title elementor-size-default\">Episode 12 : Le nudge en formation<\/h2>\t\t<\/div>\n\t\t\t\t<\/div>\n\t\t\t\t<div class=\"elementor-element elementor-element-d50f6df elementor-widget elementor-widget-heading\" data-id=\"d50f6df\" data-element_type=\"widget\" data-widget_type=\"heading.default\">\n\t\t\t\t<div class=\"elementor-widget-container\">\n\t\t\t<h2 class=\"elementor-heading-title elementor-size-default\">Episode 11 : Le co-d\u00e9veloppement<\/h2>\t\t<\/div>\n\t\t\t\t<\/div>\n\t\t\t\t<div class=\"elementor-element elementor-element-53c45c0 elementor-widget elementor-widget-heading\" data-id=\"53c45c0\" data-element_type=\"widget\" data-widget_type=\"heading.default\">\n\t\t\t\t<div class=\"elementor-widget-container\">\n\t\t\t<h2 class=\"elementor-heading-title elementor-size-default\">Episode 10 : Comment \u00e9valuer \u00e0 distance ?<\/h2>\t\t<\/div>\n\t\t\t\t<\/div>\n\t\t\t\t<div class=\"elementor-element elementor-element-6dcf7aa elementor-widget elementor-widget-heading\" data-id=\"6dcf7aa\" data-element_type=\"widget\" data-widget_type=\"heading.default\">\n\t\t\t\t<div class=\"elementor-widget-container\">\n\t\t\t<h2 class=\"elementor-heading-title elementor-size-default\">Episode 09 : Outils vs comp\u00e9tences, quelles priorit\u00e9s ? <\/h2>\t\t<\/div>\n\t\t\t\t<\/div>\n\t\t\t\t\t\t<\/div>\n\t\t\t\t\t<\/div>\n\t\t<\/div>\n\t\t\t\t\t\t\t\t<\/div>\n\t\t\t\t\t<\/div>\n\t\t<\/section>\n\t\t\t\t\t\t<\/div>\n\t\t\t\t\t<\/div>\n\t\t<\/div>\n\t\t\t\t<div class=\"elementor-column elementor-col-50 elementor-top-column elementor-element elementor-element-6b00ff0\" data-id=\"6b00ff0\" data-element_type=\"column\">\n\t\t\t<div class=\"elementor-column-wrap elementor-element-populated\">\n\t\t\t\t\t\t\t<div class=\"elementor-widget-wrap\">\n\t\t\t\t\t\t<section class=\"elementor-section elementor-inner-section elementor-element elementor-element-d092249 elementor-section-height-min-height elementor-section-boxed elementor-section-height-default\" data-id=\"d092249\" data-element_type=\"section\" data-settings=\"{&quot;background_background&quot;:&quot;classic&quot;}\">\n\t\t\t\t\t\t<div class=\"elementor-container elementor-column-gap-default\">\n\t\t\t\t\t\t\t<div class=\"elementor-row\">\n\t\t\t\t\t<div class=\"elementor-column elementor-col-100 elementor-inner-column elementor-element elementor-element-b23dfd7\" data-id=\"b23dfd7\" data-element_type=\"column\">\n\t\t\t<div class=\"elementor-column-wrap elementor-element-populated\">\n\t\t\t\t\t\t\t<div class=\"elementor-widget-wrap\">\n\t\t\t\t\t\t<div class=\"elementor-element elementor-element-edff299 elementor-widget elementor-widget-heading\" data-id=\"edff299\" data-element_type=\"widget\" data-widget_type=\"heading.default\">\n\t\t\t\t<div class=\"elementor-widget-container\">\n\t\t\t<h2 class=\"elementor-heading-title elementor-size-default\">Podcast \u201cLes inflexions du digital learning\u201d<\/h2>\t\t<\/div>\n\t\t\t\t<\/div>\n\t\t\t\t<div class=\"elementor-element elementor-element-48ec9e2 elementor-widget elementor-widget-heading\" data-id=\"48ec9e2\" data-element_type=\"widget\" data-widget_type=\"heading.default\">\n\t\t\t\t<div class=\"elementor-widget-container\">\n\t\t\t<h2 class=\"elementor-heading-title elementor-size-default\">Episode 13 : La formation \u00e0 distance va-t-elle tenir dans la dur\u00e9e ?<\/h2>\t\t<\/div>\n\t\t\t\t<\/div>\n\t\t\t\t<div class=\"elementor-element elementor-element-be111c3 elementor-widget elementor-widget-heading\" data-id=\"be111c3\" data-element_type=\"widget\" data-widget_type=\"heading.default\">\n\t\t\t\t<div class=\"elementor-widget-container\">\n\t\t\t<h2 class=\"elementor-heading-title elementor-size-default\">Episode 12 : Le nudge en formation<\/h2>\t\t<\/div>\n\t\t\t\t<\/div>\n\t\t\t\t<div class=\"elementor-element elementor-element-b112548 elementor-widget elementor-widget-heading\" data-id=\"b112548\" data-element_type=\"widget\" data-widget_type=\"heading.default\">\n\t\t\t\t<div class=\"elementor-widget-container\">\n\t\t\t<h2 class=\"elementor-heading-title elementor-size-default\">Episode 11 : Le co-d\u00e9veloppement<\/h2>\t\t<\/div>\n\t\t\t\t<\/div>\n\t\t\t\t<div class=\"elementor-element elementor-element-2440145 elementor-widget elementor-widget-heading\" data-id=\"2440145\" data-element_type=\"widget\" data-widget_type=\"heading.default\">\n\t\t\t\t<div class=\"elementor-widget-container\">\n\t\t\t<h2 class=\"elementor-heading-title elementor-size-default\">Episode 10 : Comment \u00e9valuer \u00e0 distance ?<\/h2>\t\t<\/div>\n\t\t\t\t<\/div>\n\t\t\t\t<div class=\"elementor-element elementor-element-8726602 elementor-widget elementor-widget-heading\" data-id=\"8726602\" data-element_type=\"widget\" data-widget_type=\"heading.default\">\n\t\t\t\t<div class=\"elementor-widget-container\">\n\t\t\t<h2 class=\"elementor-heading-title elementor-size-default\">Episode 09 : Outils vs comp\u00e9tences, quelles priorit\u00e9s ? <\/h2>\t\t<\/div>\n\t\t\t\t<\/div>\n\t\t\t\t\t\t<\/div>\n\t\t\t\t\t<\/div>\n\t\t<\/div>\n\t\t\t\t\t\t\t\t<\/div>\n\t\t\t\t\t<\/div>\n\t\t<\/section>\n\t\t\t\t\t\t<\/div>\n\t\t\t\t\t<\/div>\n\t\t<\/div>\n\t\t\t\t\t\t\t\t<\/div>\n\t\t\t\t\t<\/div>\n\t\t<\/section>\n\t\t\t\t<section class=\"elementor-section elementor-top-section elementor-element elementor-element-85adcce elementor-section-boxed elementor-section-height-default elementor-section-height-default\" data-id=\"85adcce\" data-element_type=\"section\">\n\t\t\t\t\t\t<div class=\"elementor-container elementor-column-gap-default\">\n\t\t\t\t\t\t\t<div class=\"elementor-row\">\n\t\t\t\t\t<div class=\"elementor-column elementor-col-50 elementor-top-column elementor-element elementor-element-e3463c8\" data-id=\"e3463c8\" data-element_type=\"column\">\n\t\t\t<div class=\"elementor-column-wrap elementor-element-populated\">\n\t\t\t\t\t\t\t<div class=\"elementor-widget-wrap\">\n\t\t\t\t\t\t<section class=\"elementor-section elementor-inner-section elementor-element elementor-element-e943131 elementor-section-height-min-height elementor-section-boxed elementor-section-height-default\" data-id=\"e943131\" data-element_type=\"section\" data-settings=\"{&quot;background_background&quot;:&quot;classic&quot;}\">\n\t\t\t\t\t\t<div class=\"elementor-container elementor-column-gap-default\">\n\t\t\t\t\t\t\t<div class=\"elementor-row\">\n\t\t\t\t\t<div class=\"elementor-column elementor-col-100 elementor-inner-column elementor-element elementor-element-4e69268\" data-id=\"4e69268\" data-element_type=\"column\">\n\t\t\t<div class=\"elementor-column-wrap elementor-element-populated\">\n\t\t\t\t\t\t\t<div class=\"elementor-widget-wrap\">\n\t\t\t\t\t\t<div class=\"elementor-element elementor-element-e90b9a9 elementor-widget elementor-widget-heading\" data-id=\"e90b9a9\" data-element_type=\"widget\" data-widget_type=\"heading.default\">\n\t\t\t\t<div class=\"elementor-widget-container\">\n\t\t\t<h2 class=\"elementor-heading-title elementor-size-default\">Podcast \u201cLes inflexions du digital learning\u201d<\/h2>\t\t<\/div>\n\t\t\t\t<\/div>\n\t\t\t\t<div class=\"elementor-element elementor-element-60268b8 elementor-widget elementor-widget-heading\" data-id=\"60268b8\" data-element_type=\"widget\" data-widget_type=\"heading.default\">\n\t\t\t\t<div class=\"elementor-widget-container\">\n\t\t\t<h2 class=\"elementor-heading-title elementor-size-default\">Episode 13 : La formation \u00e0 distance va-t-elle tenir dans la dur\u00e9e ?<\/h2>\t\t<\/div>\n\t\t\t\t<\/div>\n\t\t\t\t<div class=\"elementor-element elementor-element-3cd8fb6 elementor-widget elementor-widget-heading\" data-id=\"3cd8fb6\" data-element_type=\"widget\" data-widget_type=\"heading.default\">\n\t\t\t\t<div class=\"elementor-widget-container\">\n\t\t\t<h2 class=\"elementor-heading-title elementor-size-default\">Episode 12 : Le nudge en formation<\/h2>\t\t<\/div>\n\t\t\t\t<\/div>\n\t\t\t\t<div class=\"elementor-element elementor-element-7cf32e4 elementor-widget elementor-widget-heading\" data-id=\"7cf32e4\" data-element_type=\"widget\" data-widget_type=\"heading.default\">\n\t\t\t\t<div class=\"elementor-widget-container\">\n\t\t\t<h2 class=\"elementor-heading-title elementor-size-default\">Episode 11 : Le co-d\u00e9veloppement<\/h2>\t\t<\/div>\n\t\t\t\t<\/div>\n\t\t\t\t<div class=\"elementor-element elementor-element-033cc68 elementor-widget elementor-widget-heading\" data-id=\"033cc68\" data-element_type=\"widget\" data-widget_type=\"heading.default\">\n\t\t\t\t<div class=\"elementor-widget-container\">\n\t\t\t<h2 class=\"elementor-heading-title elementor-size-default\">Episode 10 : Comment \u00e9valuer \u00e0 distance ?<\/h2>\t\t<\/div>\n\t\t\t\t<\/div>\n\t\t\t\t<div class=\"elementor-element elementor-element-1c1d04c elementor-widget elementor-widget-heading\" data-id=\"1c1d04c\" data-element_type=\"widget\" data-widget_type=\"heading.default\">\n\t\t\t\t<div class=\"elementor-widget-container\">\n\t\t\t<h2 class=\"elementor-heading-title elementor-size-default\">Episode 09 : Outils vs comp\u00e9tences, quelles priorit\u00e9s ? <\/h2>\t\t<\/div>\n\t\t\t\t<\/div>\n\t\t\t\t\t\t<\/div>\n\t\t\t\t\t<\/div>\n\t\t<\/div>\n\t\t\t\t\t\t\t\t<\/div>\n\t\t\t\t\t<\/div>\n\t\t<\/section>\n\t\t\t\t\t\t<\/div>\n\t\t\t\t\t<\/div>\n\t\t<\/div>\n\t\t\t\t<div class=\"elementor-column elementor-col-50 elementor-top-column elementor-element elementor-element-55f5f89\" data-id=\"55f5f89\" data-element_type=\"column\">\n\t\t\t<div class=\"elementor-column-wrap elementor-element-populated\">\n\t\t\t\t\t\t\t<div class=\"elementor-widget-wrap\">\n\t\t\t\t\t\t<section class=\"elementor-section elementor-inner-section elementor-element elementor-element-a81aadc elementor-section-height-min-height elementor-section-boxed elementor-section-height-default\" data-id=\"a81aadc\" data-element_type=\"section\" data-settings=\"{&quot;background_background&quot;:&quot;classic&quot;}\">\n\t\t\t\t\t\t<div class=\"elementor-container elementor-column-gap-default\">\n\t\t\t\t\t\t\t<div class=\"elementor-row\">\n\t\t\t\t\t<div class=\"elementor-column elementor-col-100 elementor-inner-column elementor-element elementor-element-865e5cf\" data-id=\"865e5cf\" data-element_type=\"column\">\n\t\t\t<div class=\"elementor-column-wrap elementor-element-populated\">\n\t\t\t\t\t\t\t<div class=\"elementor-widget-wrap\">\n\t\t\t\t\t\t<div class=\"elementor-element elementor-element-10f0227 elementor-widget elementor-widget-heading\" data-id=\"10f0227\" data-element_type=\"widget\" data-widget_type=\"heading.default\">\n\t\t\t\t<div class=\"elementor-widget-container\">\n\t\t\t<h2 class=\"elementor-heading-title elementor-size-default\">Podcast \u201cLes inflexions du digital learning\u201d<\/h2>\t\t<\/div>\n\t\t\t\t<\/div>\n\t\t\t\t<div class=\"elementor-element elementor-element-e30534e elementor-widget elementor-widget-heading\" data-id=\"e30534e\" data-element_type=\"widget\" data-widget_type=\"heading.default\">\n\t\t\t\t<div class=\"elementor-widget-container\">\n\t\t\t<h2 class=\"elementor-heading-title elementor-size-default\">Episode 13 : La formation \u00e0 distance va-t-elle tenir dans la dur\u00e9e ?<\/h2>\t\t<\/div>\n\t\t\t\t<\/div>\n\t\t\t\t<div class=\"elementor-element elementor-element-227159a elementor-widget elementor-widget-heading\" data-id=\"227159a\" data-element_type=\"widget\" data-widget_type=\"heading.default\">\n\t\t\t\t<div class=\"elementor-widget-container\">\n\t\t\t<h2 class=\"elementor-heading-title elementor-size-default\">Episode 12 : Le nudge en formation<\/h2>\t\t<\/div>\n\t\t\t\t<\/div>\n\t\t\t\t<div class=\"elementor-element elementor-element-1c232fb elementor-widget elementor-widget-heading\" data-id=\"1c232fb\" data-element_type=\"widget\" data-widget_type=\"heading.default\">\n\t\t\t\t<div class=\"elementor-widget-container\">\n\t\t\t<h2 class=\"elementor-heading-title elementor-size-default\">Episode 11 : Le co-d\u00e9veloppement<\/h2>\t\t<\/div>\n\t\t\t\t<\/div>\n\t\t\t\t<div class=\"elementor-element elementor-element-f6ef559 elementor-widget elementor-widget-heading\" data-id=\"f6ef559\" data-element_type=\"widget\" data-widget_type=\"heading.default\">\n\t\t\t\t<div class=\"elementor-widget-container\">\n\t\t\t<h2 class=\"elementor-heading-title elementor-size-default\">Episode 10 : Comment \u00e9valuer \u00e0 distance ?<\/h2>\t\t<\/div>\n\t\t\t\t<\/div>\n\t\t\t\t<div class=\"elementor-element elementor-element-75a0e73 elementor-widget elementor-widget-heading\" data-id=\"75a0e73\" data-element_type=\"widget\" data-widget_type=\"heading.default\">\n\t\t\t\t<div class=\"elementor-widget-container\">\n\t\t\t<h2 class=\"elementor-heading-title elementor-size-default\">Episode 09 : Outils vs comp\u00e9tences, quelles priorit\u00e9s ? <\/h2>\t\t<\/div>\n\t\t\t\t<\/div>\n\t\t\t\t\t\t<\/div>\n\t\t\t\t\t<\/div>\n\t\t<\/div>\n\t\t\t\t\t\t\t\t<\/div>\n\t\t\t\t\t<\/div>\n\t\t<\/section>\n\t\t\t\t\t\t<\/div>\n\t\t\t\t\t<\/div>\n\t\t<\/div>\n\t\t\t\t\t\t\t\t<\/div>\n\t\t\t\t\t<\/div>\n\t\t<\/section>\n\t\t\t\t\t\t\t\t\t<\/div>\n\t\t\t<\/div>\n\t\t\t\t\t<\/div>","protected":false},"excerpt":{"rendered":"<p>Podcast \u201cLes inflexions du digital learning\u201d Episode 13 : La formation \u00e0 distance va-t-elle tenir dans la dur\u00e9e ? Episode 12 : Le nudge en formation Episode 11 : Le co-d\u00e9veloppement Episode 10 : Comment \u00e9valuer \u00e0 distance ? Episode 09 : Outils vs comp\u00e9tences, quelles priorit\u00e9s ? Podcast \u201cLes<a class=\"moretag\" href=\"https:\/\/widid.fr\/en\/podcast-dc\/\"> Read more<\/a><\/p>","protected":false},"author":1,"featured_media":0,"parent":0,"menu_order":0,"comment_status":"closed","ping_status":"closed","template":"page-templates\/template-pagebuilder-full-width.php","meta":{"footnotes":""},"class_list":["post-2443","page","type-page","status-publish","hentry"],"yoast_head":"<!-- This site is optimized with the Yoast SEO plugin v19.13 - https:\/\/yoast.com\/wordpress\/plugins\/seo\/ -->\n<title>Podcast - WiDiD<\/title>\n<meta name=\"robots\" content=\"index, follow, max-snippet:-1, max-image-preview:large, max-video-preview:-1\" \/>\n<link rel=\"canonical\" href=\"https:\/\/widid.fr\/en\/podcast-dc\/\" \/>\n<meta property=\"og:locale\" content=\"en_GB\" \/>\n<meta property=\"og:type\" content=\"article\" \/>\n<meta property=\"og:title\" content=\"Podcast - WiDiD\" \/>\n<meta property=\"og:description\" content=\"Podcast \u201cLes inflexions du digital learning\u201d Episode 13 : La formation \u00e0 distance va-t-elle tenir dans la dur\u00e9e ? Episode 12 : Le nudge en formation Episode 11 : Le co-d\u00e9veloppement Episode 10 : Comment \u00e9valuer \u00e0 distance ? Episode 09 : Outils vs comp\u00e9tences, quelles priorit\u00e9s ? Podcast \u201cLes Read more\" \/>\n<meta property=\"og:url\" content=\"https:\/\/widid.fr\/en\/podcast-dc\/\" \/>\n<meta property=\"og:site_name\" content=\"WiDiD\" \/>\n<meta property=\"article:modified_time\" content=\"2021-04-02T08:00:00+00:00\" \/>\n<meta property=\"og:image\" content=\"https:\/\/widid.fr\/wp-content\/uploads\/2021\/02\/Dessin-podcast.png\" \/>\n<meta name=\"twitter:card\" content=\"summary_large_image\" \/>\n<meta name=\"twitter:site\" content=\"@WIDID_France\" \/>\n<meta name=\"twitter:label1\" content=\"Estimated reading time\" \/>\n\t<meta name=\"twitter:data1\" content=\"1 minute\" \/>\n<script type=\"application\/ld+json\" class=\"yoast-schema-graph\">{\"@context\":\"https:\/\/schema.org\",\"@graph\":[{\"@type\":\"WebPage\",\"@id\":\"https:\/\/widid.fr\/podcast-dc\/\",\"url\":\"https:\/\/widid.fr\/podcast-dc\/\",\"name\":\"Podcast - WiDiD\",\"isPartOf\":{\"@id\":\"https:\/\/widid.fr\/#website\"},\"datePublished\":\"2021-02-20T16:07:22+00:00\",\"dateModified\":\"2021-04-02T08:00:00+00:00\",\"breadcrumb\":{\"@id\":\"https:\/\/widid.fr\/podcast-dc\/#breadcrumb\"},\"inLanguage\":\"en-GB\",\"potentialAction\":[{\"@type\":\"ReadAction\",\"target\":[\"https:\/\/widid.fr\/podcast-dc\/\"]}]},{\"@type\":\"BreadcrumbList\",\"@id\":\"https:\/\/widid.fr\/podcast-dc\/#breadcrumb\",\"itemListElement\":[{\"@type\":\"ListItem\",\"position\":1,\"name\":\"Accueil\",\"item\":\"https:\/\/widid.fr\/\"},{\"@type\":\"ListItem\",\"position\":2,\"name\":\"Podcast\"}]},{\"@type\":\"WebSite\",\"@id\":\"https:\/\/widid.fr\/#website\",\"url\":\"https:\/\/widid.fr\/\",\"name\":\"WiDiD\",\"description\":\"What I Do, I understanD\",\"publisher\":{\"@id\":\"https:\/\/widid.fr\/#organization\"},\"potentialAction\":[{\"@type\":\"SearchAction\",\"target\":{\"@type\":\"EntryPoint\",\"urlTemplate\":\"https:\/\/widid.fr\/?s={search_term_string}\"},\"query-input\":\"required name=search_term_string\"}],\"inLanguage\":\"en-GB\"},{\"@type\":\"Organization\",\"@id\":\"https:\/\/widid.fr\/#organization\",\"name\":\"WiDiD\",\"url\":\"https:\/\/widid.fr\/\",\"logo\":{\"@type\":\"ImageObject\",\"inLanguage\":\"en-GB\",\"@id\":\"https:\/\/widid.fr\/#\/schema\/logo\/image\/\",\"url\":\"https:\/\/widid.fr\/wp-content\/uploads\/2018\/10\/Logo_VF_degrade.png\",\"contentUrl\":\"https:\/\/widid.fr\/wp-content\/uploads\/2018\/10\/Logo_VF_degrade.png\",\"width\":6348,\"height\":2892,\"caption\":\"WiDiD\"},\"image\":{\"@id\":\"https:\/\/widid.fr\/#\/schema\/logo\/image\/\"},\"sameAs\":[\"https:\/\/www.linkedin.com\/company\/widid4u\",\"https:\/\/twitter.com\/WIDID_France\"]}]}<\/script>\n<!-- \/ Yoast SEO plugin. -->","yoast_head_json":{"title":"Podcast - WiDiD","robots":{"index":"index","follow":"follow","max-snippet":"max-snippet:-1","max-image-preview":"max-image-preview:large","max-video-preview":"max-video-preview:-1"},"canonical":"https:\/\/widid.fr\/en\/podcast-dc\/","og_locale":"en_GB","og_type":"article","og_title":"Podcast - WiDiD","og_description":"Podcast \u201cLes inflexions du digital learning\u201d Episode 13 : La formation \u00e0 distance va-t-elle tenir dans la dur\u00e9e ? Episode 12 : Le nudge en formation Episode 11 : Le co-d\u00e9veloppement Episode 10 : Comment \u00e9valuer \u00e0 distance ? Episode 09 : Outils vs comp\u00e9tences, quelles priorit\u00e9s ? Podcast \u201cLes Read more","og_url":"https:\/\/widid.fr\/en\/podcast-dc\/","og_site_name":"WiDiD","article_modified_time":"2021-04-02T08:00:00+00:00","og_image":[{"url":"https:\/\/widid.fr\/wp-content\/uploads\/2021\/02\/Dessin-podcast.png"}],"twitter_card":"summary_large_image","twitter_site":"@WIDID_France","twitter_misc":{"Estimated reading time":"1 minute"},"schema":{"@context":"https:\/\/schema.org","@graph":[{"@type":"WebPage","@id":"https:\/\/widid.fr\/podcast-dc\/","url":"https:\/\/widid.fr\/podcast-dc\/","name":"Podcast - WiDiD","isPartOf":{"@id":"https:\/\/widid.fr\/#website"},"datePublished":"2021-02-20T16:07:22+00:00","dateModified":"2021-04-02T08:00:00+00:00","breadcrumb":{"@id":"https:\/\/widid.fr\/podcast-dc\/#breadcrumb"},"inLanguage":"en-GB","potentialAction":[{"@type":"ReadAction","target":["https:\/\/widid.fr\/podcast-dc\/"]}]},{"@type":"BreadcrumbList","@id":"https:\/\/widid.fr\/podcast-dc\/#breadcrumb","itemListElement":[{"@type":"ListItem","position":1,"name":"Accueil","item":"https:\/\/widid.fr\/"},{"@type":"ListItem","position":2,"name":"Podcast"}]},{"@type":"WebSite","@id":"https:\/\/widid.fr\/#website","url":"https:\/\/widid.fr\/","name":"WiDiD","description":"What I Do, I understanD","publisher":{"@id":"https:\/\/widid.fr\/#organization"},"potentialAction":[{"@type":"SearchAction","target":{"@type":"EntryPoint","urlTemplate":"https:\/\/widid.fr\/?s={search_term_string}"},"query-input":"required name=search_term_string"}],"inLanguage":"en-GB"},{"@type":"Organization","@id":"https:\/\/widid.fr\/#organization","name":"WiDiD","url":"https:\/\/widid.fr\/","logo":{"@type":"ImageObject","inLanguage":"en-GB","@id":"https:\/\/widid.fr\/#\/schema\/logo\/image\/","url":"https:\/\/widid.fr\/wp-content\/uploads\/2018\/10\/Logo_VF_degrade.png","contentUrl":"https:\/\/widid.fr\/wp-content\/uploads\/2018\/10\/Logo_VF_degrade.png","width":6348,"height":2892,"caption":"WiDiD"},"image":{"@id":"https:\/\/widid.fr\/#\/schema\/logo\/image\/"},"sameAs":["https:\/\/www.linkedin.com\/company\/widid4u","https:\/\/twitter.com\/WIDID_France"]}]}},"_links":{"self":[{"href":"https:\/\/widid.fr\/en\/wp-json\/wp\/v2\/pages\/2443","targetHints":{"allow":["GET"]}}],"collection":[{"href":"https:\/\/widid.fr\/en\/wp-json\/wp\/v2\/pages"}],"about":[{"href":"https:\/\/widid.fr\/en\/wp-json\/wp\/v2\/types\/page"}],"author":[{"embeddable":true,"href":"https:\/\/widid.fr\/en\/wp-json\/wp\/v2\/users\/1"}],"replies":[{"embeddable":true,"href":"https:\/\/widid.fr\/en\/wp-json\/wp\/v2\/comments?post=2443"}],"version-history":[{"count":26,"href":"https:\/\/widid.fr\/en\/wp-json\/wp\/v2\/pages\/2443\/revisions"}],"predecessor-version":[{"id":3486,"href":"https:\/\/widid.fr\/en\/wp-json\/wp\/v2\/pages\/2443\/revisions\/3486"}],"wp:attachment":[{"href":"https:\/\/widid.fr\/en\/wp-json\/wp\/v2\/media?parent=2443"}],"curies":[{"name":"wp","href":"https:\/\/api.w.org\/{rel}","templated":true}]}}