{"id":2430,"date":"2021-02-20T16:16:44","date_gmt":"2021-02-20T15:16:44","guid":{"rendered":"https:\/\/widid.fr\/?page_id=2430"},"modified":"2023-04-19T11:26:18","modified_gmt":"2023-04-19T09:26:18","slug":"article-dc","status":"publish","type":"page","link":"https:\/\/widid.fr\/en\/article-dc\/","title":{"rendered":"Articles"},"content":{"rendered":"<p><img decoding=\"async\" width=\"750\" height=\"105\" src=\"https:\/\/widid.fr\/wp-content\/uploads\/2021\/02\/Dessin-plan-travail.png\" alt=\"\" loading=\"lazy\" srcset=\"https:\/\/widid.fr\/wp-content\/uploads\/2021\/02\/Dessin-plan-travail.png 1920w, https:\/\/widid.fr\/wp-content\/uploads\/2021\/02\/Dessin-plan-travail-1200x168.png 1200w, https:\/\/widid.fr\/wp-content\/uploads\/2021\/02\/Dessin-plan-travail-768x108.png 768w, https:\/\/widid.fr\/wp-content\/uploads\/2021\/02\/Dessin-plan-travail-1536x215.png 1536w, https:\/\/widid.fr\/wp-content\/uploads\/2021\/02\/Dessin-plan-travail-16x2.png 16w\" sizes=\"auto, (max-width: 750px) 100vw, 750px\"><\/p>\n<p>Comprendre la r\u00e9alit\u00e9 virtuelle et augment\u00e9e pour bien l\u2019utiliser<\/p>\n<p>La r\u00e9alit\u00e9 virtuelle (VR) et augment\u00e9e (AR) \u00e9taient jusqu\u2019\u00e0<br \/>\nr\u00e9cemment utilis\u00e9es par les laboratoires universitaires<br \/>\net le secteur militaire. En &#8230;<\/p>\n<p>Taxonomie de Bloom, formation et R\u00e9alit\u00e9 Virtuelle ? Eureka !<\/p>\n<p>Mais c\u2019est quoi l\u2019immersive learning ?Quel rapport avec la r\u00e9alit\u00e9 virtuelle ou la formation ? D\u2019abord et pour bien comprendre &#8230;<\/p>\n<p><img decoding=\"async\" width=\"419\" height=\"213\" src=\"https:\/\/widid.fr\/wp-content\/uploads\/2021\/02\/Learningdata-01-2048x2048-1.png\" alt=\"\" loading=\"lazy\" srcset=\"https:\/\/widid.fr\/wp-content\/uploads\/2021\/02\/Learningdata-01-2048x2048-1.png 419w, https:\/\/widid.fr\/wp-content\/uploads\/2021\/02\/Learningdata-01-2048x2048-1-16x8.png 16w\" sizes=\"auto, (max-width: 419px) 100vw, 419px\"><\/p>\n<h2>Tout sur la RV<\/h2>\n<p>Lorem ipsum dolor sit amet, consectetur adipiscing elit. Ut elit tellus, luctus nec ullamcorper mattis, pulvinar dapibus leo.<\/p>\n<p><a href=\"#\" role=\"button\"><br \/>\nLearn more<br \/>\n<\/a><br \/>\n<img decoding=\"async\" width=\"419\" height=\"213\" src=\"https:\/\/widid.fr\/wp-content\/uploads\/2021\/02\/Learningdata-01-2048x2048-1.png\" alt=\"\" loading=\"lazy\" srcset=\"https:\/\/widid.fr\/wp-content\/uploads\/2021\/02\/Learningdata-01-2048x2048-1.png 419w, https:\/\/widid.fr\/wp-content\/uploads\/2021\/02\/Learningdata-01-2048x2048-1-16x8.png 16w\" sizes=\"auto, (max-width: 419px) 100vw, 419px\"><\/p>\n<h2>La taxonomie de bloom<\/h2>\n<p>Lorem ipsum dolor sit amet, consectetur adipiscing elit. Ut elit tellus, luctus nec ullamcorper mattis, pulvinar dapibus leo.<\/p>\n<p><a href=\"#\" role=\"button\"><br \/>\nLearn more<br \/>\n<\/a><br \/>\n<img decoding=\"async\" width=\"419\" height=\"213\" src=\"https:\/\/widid.fr\/wp-content\/uploads\/2021\/02\/Learningdata-01-2048x2048-1.png\" alt=\"\" loading=\"lazy\" srcset=\"https:\/\/widid.fr\/wp-content\/uploads\/2021\/02\/Learningdata-01-2048x2048-1.png 419w, https:\/\/widid.fr\/wp-content\/uploads\/2021\/02\/Learningdata-01-2048x2048-1-16x8.png 16w\" sizes=\"auto, (max-width: 419px) 100vw, 419px\"><\/p>\n<h2>La gamification<\/h2>\n<p>Lorem ipsum dolor sit amet, consectetur adipiscing elit. Ut elit tellus, luctus nec ullamcorper mattis, pulvinar dapibus leo.<\/p>\n<p><a href=\"#\" role=\"button\"><br \/>\nLearn more<br \/>\n<\/a><br \/>\n<img decoding=\"async\" width=\"419\" height=\"213\" src=\"https:\/\/widid.fr\/wp-content\/uploads\/2021\/02\/Learningdata-01-2048x2048-1.png\" alt=\"\" loading=\"lazy\" srcset=\"https:\/\/widid.fr\/wp-content\/uploads\/2021\/02\/Learningdata-01-2048x2048-1.png 419w, https:\/\/widid.fr\/wp-content\/uploads\/2021\/02\/Learningdata-01-2048x2048-1-16x8.png 16w\" sizes=\"auto, (max-width: 419px) 100vw, 419px\"><\/p>\n<h2>Tout sur la RV<\/h2>\n<p>Lorem ipsum dolor sit amet, consectetur adipiscing elit. Ut elit tellus, luctus nec ullamcorper mattis, pulvinar dapibus leo.<\/p>\n<p><a href=\"#\" role=\"button\"><br \/>\nLearn more<br \/>\n<\/a><br \/>\n<img decoding=\"async\" width=\"419\" height=\"213\" src=\"https:\/\/widid.fr\/wp-content\/uploads\/2021\/02\/Learningdata-01-2048x2048-1.png\" alt=\"\" loading=\"lazy\" srcset=\"https:\/\/widid.fr\/wp-content\/uploads\/2021\/02\/Learningdata-01-2048x2048-1.png 419w, https:\/\/widid.fr\/wp-content\/uploads\/2021\/02\/Learningdata-01-2048x2048-1-16x8.png 16w\" sizes=\"auto, (max-width: 419px) 100vw, 419px\"><\/p>\n<h2>La taxonomie de bloom<\/h2>\n<p>Lorem ipsum dolor sit amet, consectetur adipiscing elit. Ut elit tellus, luctus nec ullamcorper mattis, pulvinar dapibus leo.<\/p>\n<p><a href=\"#\" role=\"button\"><br \/>\nLearn more<br \/>\n<\/a><br \/>\n<img decoding=\"async\" width=\"419\" height=\"213\" src=\"https:\/\/widid.fr\/wp-content\/uploads\/2021\/02\/Learningdata-01-2048x2048-1.png\" alt=\"\" loading=\"lazy\" srcset=\"https:\/\/widid.fr\/wp-content\/uploads\/2021\/02\/Learningdata-01-2048x2048-1.png 419w, https:\/\/widid.fr\/wp-content\/uploads\/2021\/02\/Learningdata-01-2048x2048-1-16x8.png 16w\" sizes=\"auto, (max-width: 419px) 100vw, 419px\"><\/p>\n<h2>La gamification<\/h2>\n<p>Lorem ipsum dolor sit amet, consectetur adipiscing elit. Ut elit tellus, luctus nec ullamcorper mattis, pulvinar dapibus leo.<\/p>\n<p><a href=\"#\" role=\"button\"><br \/>\nLearn more<br \/>\n<\/a><\/p>","protected":false},"excerpt":{"rendered":"<p>Comprendre la r\u00e9alit\u00e9 virtuelle et augment\u00e9e pour bien l\u2019utiliser La r\u00e9alit\u00e9 virtuelle (VR) et augment\u00e9e (AR) \u00e9taient jusqu\u2019\u00e0 r\u00e9cemment utilis\u00e9es par les laboratoires universitaires et le secteur militaire. En &#8230; Taxonomie de Bloom, formation et R\u00e9alit\u00e9 Virtuelle ? Eureka ! Mais c\u2019est quoi l\u2019immersive learning ?Quel rapport avec la r\u00e9alit\u00e9<a class=\"moretag\" href=\"https:\/\/widid.fr\/en\/article-dc\/\"> Read more<\/a><\/p>","protected":false},"author":1,"featured_media":0,"parent":0,"menu_order":0,"comment_status":"closed","ping_status":"closed","template":"page-templates\/template-pagebuilder-full-width.php","meta":{"footnotes":""},"class_list":["post-2430","page","type-page","status-publish","hentry"],"yoast_head":"<!-- This site is optimized with the Yoast SEO plugin v19.13 - https:\/\/yoast.com\/wordpress\/plugins\/seo\/ -->\n<title>Articles - WiDiD<\/title>\n<meta name=\"robots\" content=\"index, follow, max-snippet:-1, max-image-preview:large, max-video-preview:-1\" \/>\n<link rel=\"canonical\" href=\"https:\/\/widid.fr\/en\/article-dc\/\" \/>\n<meta property=\"og:locale\" content=\"en_GB\" \/>\n<meta property=\"og:type\" content=\"article\" \/>\n<meta property=\"og:title\" content=\"Articles - WiDiD\" \/>\n<meta property=\"og:description\" content=\"Comprendre la r\u00e9alit\u00e9 virtuelle et augment\u00e9e pour bien l\u2019utiliser La r\u00e9alit\u00e9 virtuelle (VR) et augment\u00e9e (AR) \u00e9taient jusqu\u2019\u00e0 r\u00e9cemment utilis\u00e9es par les laboratoires universitaires et le secteur militaire. En &#8230; Taxonomie de Bloom, formation et R\u00e9alit\u00e9 Virtuelle ? Eureka ! Mais c\u2019est quoi l\u2019immersive learning ?Quel rapport avec la r\u00e9alit\u00e9 Read more\" \/>\n<meta property=\"og:url\" content=\"https:\/\/widid.fr\/en\/article-dc\/\" \/>\n<meta property=\"og:site_name\" content=\"WiDiD\" \/>\n<meta property=\"article:modified_time\" content=\"2023-04-19T09:26:18+00:00\" \/>\n<meta property=\"og:image\" content=\"https:\/\/widid.fr\/wp-content\/uploads\/2021\/02\/Dessin-plan-travail.png\" \/>\n<meta name=\"twitter:card\" content=\"summary_large_image\" \/>\n<meta name=\"twitter:site\" content=\"@WIDID_France\" \/>\n<meta name=\"twitter:label1\" content=\"Estimated reading time\" \/>\n\t<meta name=\"twitter:data1\" content=\"3 minutes\" \/>\n<script type=\"application\/ld+json\" class=\"yoast-schema-graph\">{\"@context\":\"https:\/\/schema.org\",\"@graph\":[{\"@type\":\"WebPage\",\"@id\":\"https:\/\/widid.fr\/en\/article-dc\/\",\"url\":\"https:\/\/widid.fr\/en\/article-dc\/\",\"name\":\"Articles - WiDiD\",\"isPartOf\":{\"@id\":\"https:\/\/widid.fr\/#website\"},\"datePublished\":\"2021-02-20T15:16:44+00:00\",\"dateModified\":\"2023-04-19T09:26:18+00:00\",\"breadcrumb\":{\"@id\":\"https:\/\/widid.fr\/en\/article-dc\/#breadcrumb\"},\"inLanguage\":\"en-GB\",\"potentialAction\":[{\"@type\":\"ReadAction\",\"target\":[\"https:\/\/widid.fr\/en\/article-dc\/\"]}]},{\"@type\":\"BreadcrumbList\",\"@id\":\"https:\/\/widid.fr\/en\/article-dc\/#breadcrumb\",\"itemListElement\":[{\"@type\":\"ListItem\",\"position\":1,\"name\":\"Accueil\",\"item\":\"https:\/\/widid.fr\/\"},{\"@type\":\"ListItem\",\"position\":2,\"name\":\"Articles\"}]},{\"@type\":\"WebSite\",\"@id\":\"https:\/\/widid.fr\/#website\",\"url\":\"https:\/\/widid.fr\/\",\"name\":\"WiDiD\",\"description\":\"What I Do, I understanD\",\"publisher\":{\"@id\":\"https:\/\/widid.fr\/#organization\"},\"potentialAction\":[{\"@type\":\"SearchAction\",\"target\":{\"@type\":\"EntryPoint\",\"urlTemplate\":\"https:\/\/widid.fr\/?s={search_term_string}\"},\"query-input\":\"required name=search_term_string\"}],\"inLanguage\":\"en-GB\"},{\"@type\":\"Organization\",\"@id\":\"https:\/\/widid.fr\/#organization\",\"name\":\"WiDiD\",\"url\":\"https:\/\/widid.fr\/\",\"logo\":{\"@type\":\"ImageObject\",\"inLanguage\":\"en-GB\",\"@id\":\"https:\/\/widid.fr\/#\/schema\/logo\/image\/\",\"url\":\"https:\/\/widid.fr\/wp-content\/uploads\/2018\/10\/Logo_VF_degrade.png\",\"contentUrl\":\"https:\/\/widid.fr\/wp-content\/uploads\/2018\/10\/Logo_VF_degrade.png\",\"width\":6348,\"height\":2892,\"caption\":\"WiDiD\"},\"image\":{\"@id\":\"https:\/\/widid.fr\/#\/schema\/logo\/image\/\"},\"sameAs\":[\"https:\/\/www.linkedin.com\/company\/widid4u\",\"https:\/\/twitter.com\/WIDID_France\"]}]}<\/script>\n<!-- \/ Yoast SEO plugin. -->","yoast_head_json":{"title":"Articles - WiDiD","robots":{"index":"index","follow":"follow","max-snippet":"max-snippet:-1","max-image-preview":"max-image-preview:large","max-video-preview":"max-video-preview:-1"},"canonical":"https:\/\/widid.fr\/en\/article-dc\/","og_locale":"en_GB","og_type":"article","og_title":"Articles - WiDiD","og_description":"Comprendre la r\u00e9alit\u00e9 virtuelle et augment\u00e9e pour bien l\u2019utiliser La r\u00e9alit\u00e9 virtuelle (VR) et augment\u00e9e (AR) \u00e9taient jusqu\u2019\u00e0 r\u00e9cemment utilis\u00e9es par les laboratoires universitaires et le secteur militaire. En &#8230; Taxonomie de Bloom, formation et R\u00e9alit\u00e9 Virtuelle ? Eureka ! Mais c\u2019est quoi l\u2019immersive learning ?Quel rapport avec la r\u00e9alit\u00e9 Read more","og_url":"https:\/\/widid.fr\/en\/article-dc\/","og_site_name":"WiDiD","article_modified_time":"2023-04-19T09:26:18+00:00","og_image":[{"url":"https:\/\/widid.fr\/wp-content\/uploads\/2021\/02\/Dessin-plan-travail.png"}],"twitter_card":"summary_large_image","twitter_site":"@WIDID_France","twitter_misc":{"Estimated reading time":"3 minutes"},"schema":{"@context":"https:\/\/schema.org","@graph":[{"@type":"WebPage","@id":"https:\/\/widid.fr\/en\/article-dc\/","url":"https:\/\/widid.fr\/en\/article-dc\/","name":"Articles - WiDiD","isPartOf":{"@id":"https:\/\/widid.fr\/#website"},"datePublished":"2021-02-20T15:16:44+00:00","dateModified":"2023-04-19T09:26:18+00:00","breadcrumb":{"@id":"https:\/\/widid.fr\/en\/article-dc\/#breadcrumb"},"inLanguage":"en-GB","potentialAction":[{"@type":"ReadAction","target":["https:\/\/widid.fr\/en\/article-dc\/"]}]},{"@type":"BreadcrumbList","@id":"https:\/\/widid.fr\/en\/article-dc\/#breadcrumb","itemListElement":[{"@type":"ListItem","position":1,"name":"Accueil","item":"https:\/\/widid.fr\/"},{"@type":"ListItem","position":2,"name":"Articles"}]},{"@type":"WebSite","@id":"https:\/\/widid.fr\/#website","url":"https:\/\/widid.fr\/","name":"WiDiD","description":"What I Do, I understanD","publisher":{"@id":"https:\/\/widid.fr\/#organization"},"potentialAction":[{"@type":"SearchAction","target":{"@type":"EntryPoint","urlTemplate":"https:\/\/widid.fr\/?s={search_term_string}"},"query-input":"required name=search_term_string"}],"inLanguage":"en-GB"},{"@type":"Organization","@id":"https:\/\/widid.fr\/#organization","name":"WiDiD","url":"https:\/\/widid.fr\/","logo":{"@type":"ImageObject","inLanguage":"en-GB","@id":"https:\/\/widid.fr\/#\/schema\/logo\/image\/","url":"https:\/\/widid.fr\/wp-content\/uploads\/2018\/10\/Logo_VF_degrade.png","contentUrl":"https:\/\/widid.fr\/wp-content\/uploads\/2018\/10\/Logo_VF_degrade.png","width":6348,"height":2892,"caption":"WiDiD"},"image":{"@id":"https:\/\/widid.fr\/#\/schema\/logo\/image\/"},"sameAs":["https:\/\/www.linkedin.com\/company\/widid4u","https:\/\/twitter.com\/WIDID_France"]}]}},"_links":{"self":[{"href":"https:\/\/widid.fr\/en\/wp-json\/wp\/v2\/pages\/2430","targetHints":{"allow":["GET"]}}],"collection":[{"href":"https:\/\/widid.fr\/en\/wp-json\/wp\/v2\/pages"}],"about":[{"href":"https:\/\/widid.fr\/en\/wp-json\/wp\/v2\/types\/page"}],"author":[{"embeddable":true,"href":"https:\/\/widid.fr\/en\/wp-json\/wp\/v2\/users\/1"}],"replies":[{"embeddable":true,"href":"https:\/\/widid.fr\/en\/wp-json\/wp\/v2\/comments?post=2430"}],"version-history":[{"count":43,"href":"https:\/\/widid.fr\/en\/wp-json\/wp\/v2\/pages\/2430\/revisions"}],"predecessor-version":[{"id":4119,"href":"https:\/\/widid.fr\/en\/wp-json\/wp\/v2\/pages\/2430\/revisions\/4119"}],"wp:attachment":[{"href":"https:\/\/widid.fr\/en\/wp-json\/wp\/v2\/media?parent=2430"}],"curies":[{"name":"wp","href":"https:\/\/api.w.org\/{rel}","templated":true}]}}