{"id":2262,"date":"2021-02-14T11:01:40","date_gmt":"2021-02-14T10:01:40","guid":{"rendered":"https:\/\/widid.fr\/?page_id=2262"},"modified":"2025-05-14T15:21:41","modified_gmt":"2025-05-14T13:21:41","slug":"contenus-sur-mesure","status":"publish","type":"page","link":"https:\/\/widid.fr\/en\/contenus-sur-mesure\/","title":{"rendered":"Custom Content"},"content":{"rendered":"<div data-elementor-type=\"wp-page\" data-elementor-id=\"2262\" class=\"elementor elementor-2262\">\n\t\t\t\t\t\t<div class=\"elementor-inner\">\n\t\t\t\t<div class=\"elementor-section-wrap\">\n\t\t\t\t\t\t\t\t\t<section class=\"elementor-section elementor-top-section elementor-element elementor-element-ac5e1d9 elementor-section-boxed elementor-section-height-default elementor-section-height-default\" data-id=\"ac5e1d9\" data-element_type=\"section\">\n\t\t\t\t\t\t<div class=\"elementor-container elementor-column-gap-default\">\n\t\t\t\t\t\t\t<div class=\"elementor-row\">\n\t\t\t\t\t<div class=\"elementor-column elementor-col-100 elementor-top-column elementor-element elementor-element-538d61c\" data-id=\"538d61c\" data-element_type=\"column\">\n\t\t\t<div class=\"elementor-column-wrap elementor-element-populated\">\n\t\t\t\t\t\t\t<div class=\"elementor-widget-wrap\">\n\t\t\t\t\t\t<section class=\"elementor-section elementor-inner-section elementor-element elementor-element-3c63718 elementor-section-boxed elementor-section-height-default elementor-section-height-default\" data-id=\"3c63718\" data-element_type=\"section\" data-settings=\"{&quot;background_background&quot;:&quot;gradient&quot;}\">\n\t\t\t\t\t\t<div class=\"elementor-container elementor-column-gap-default\">\n\t\t\t\t\t\t\t<div class=\"elementor-row\">\n\t\t\t\t\t<div class=\"elementor-column elementor-col-100 elementor-inner-column elementor-element elementor-element-9e3b59e\" data-id=\"9e3b59e\" data-element_type=\"column\">\n\t\t\t<div class=\"elementor-column-wrap elementor-element-populated\">\n\t\t\t\t\t\t\t<div class=\"elementor-widget-wrap\">\n\t\t\t\t\t\t<div class=\"elementor-element elementor-element-d11a562 elementor-widget elementor-widget-heading\" data-id=\"d11a562\" data-element_type=\"widget\" data-widget_type=\"heading.default\">\n\t\t\t\t<div class=\"elementor-widget-container\">\n\t\t\t<h1 class=\"elementor-heading-title elementor-size-default\">La production de contenus sur-mesure<\/h1>\t\t<\/div>\n\t\t\t\t<\/div>\n\t\t\t\t\t\t<\/div>\n\t\t\t\t\t<\/div>\n\t\t<\/div>\n\t\t\t\t\t\t\t\t<\/div>\n\t\t\t\t\t<\/div>\n\t\t<\/section>\n\t\t\t\t\t\t<\/div>\n\t\t\t\t\t<\/div>\n\t\t<\/div>\n\t\t\t\t\t\t\t\t<\/div>\n\t\t\t\t\t<\/div>\n\t\t<\/section>\n\t\t\t\t<section class=\"elementor-section elementor-top-section elementor-element elementor-element-14126d8 elementor-section-boxed elementor-section-height-default elementor-section-height-default\" data-id=\"14126d8\" data-element_type=\"section\">\n\t\t\t\t\t\t<div class=\"elementor-container elementor-column-gap-default\">\n\t\t\t\t\t\t\t<div class=\"elementor-row\">\n\t\t\t\t\t<div class=\"elementor-column elementor-col-100 elementor-top-column elementor-element elementor-element-4b26130\" data-id=\"4b26130\" data-element_type=\"column\">\n\t\t\t<div class=\"elementor-column-wrap elementor-element-populated\">\n\t\t\t\t\t\t\t<div class=\"elementor-widget-wrap\">\n\t\t\t\t\t\t<div class=\"elementor-element elementor-element-5ee9560 elementor-widget elementor-widget-text-editor\" data-id=\"5ee9560\" data-element_type=\"widget\" data-widget_type=\"text-editor.default\">\n\t\t\t\t<div class=\"elementor-widget-container\">\n\t\t\t\t\t\t\t\t<div class=\"elementor-text-editor elementor-clearfix\">\n\t\t\t\t<p style=\"font-family: 'Titillium Web'; font-size: 14px; text-align: justify;\"><span style=\"font-family: 'Titillium Web'; font-size: 20px;\">Avec nos clients, leurs apprenants et les experts pertinents et adapt\u00e9s,\u00a0<strong>nous fabriquons des exp\u00e9riences d&rsquo;apprentissage qui r\u00e9pondent \u00e0 leurs besoins et contraintes.\u00a0<\/strong><\/span><\/p><p style=\"font-family: 'Titillium Web'; font-size: 14px; text-align: justify;\"><span style=\"font-family: 'Titillium Web'; font-size: 20px;\">Nous d\u00e9veloppons des exp\u00e9riences en VR mais \u00e9galement sur d&rsquo;autres supports comme par exemple le\u00a0<strong>mobile learning<\/strong>\u00a0ou\u00a0<strong>l&rsquo;e-learning.<\/strong><\/span><\/p><p style=\"font-family: 'Titillium Web'; font-size: 14px; text-align: justify;\"><span style=\"font-family: 'Titillium Web'; font-size: 20px;\">En effet, une modalit\u00e9 d&rsquo;apprentissage ne surpasse pas l&rsquo;autre, elles se compl\u00e8tent. Il est donc essentiel de pouvoir proposer et conna\u00eetre les diff\u00e9rentes\u00a0<\/span><span style=\"font-size: 20px;\">modalit\u00e9s p\u00e9dagogiques pour r\u00e9pondre aux mieux, aux exigences de nos clients.\u00a0<\/span><\/p><p style=\"font-family: 'Titillium Web'; font-size: 14px; text-align: justify;\"><span style=\"font-size: 20px;\">\u00a0<\/span><\/p><p style=\"font-family: 'Titillium Web'; font-size: 14px; text-align: justify;\"><strong><span style=\"font-family: 'Titillium Web'; font-size: 20px;\">Nous avons d\u00e9j\u00e0 produit des contenus sous plusieurs formes et th\u00e8mes :\u00a0<\/span><\/strong><\/p><ul style=\"text-align: justify;\"><li><span style=\"font-family: 'Titillium Web'; font-size: 20px;\">Les risques psychosociaux<\/span><\/li><li><span style=\"font-family: 'Titillium Web'; font-size: 20px;\">Le harc\u00e8lement<\/span><\/li><li><span style=\"font-size: 20px;\">Des bandes dessin\u00e9es\u00a0interactives\u00a0<\/span><\/li><li><span style=\"font-size: 20px;\">Des contenus\u00a0learning sur la\u00a0posture client\u00a0<\/span><span style=\"font-family: 'Titillium Web'; font-size: 20px;\">et sur le DISC<\/span><\/li><li><span style=\"font-family: 'Titillium Web'; font-size: 20px;\">Un module d&rsquo;entretien d&#8217;embauche<\/span><\/li><li><span style=\"font-family: 'Titillium Web'; font-size: 20px;\">Un module de r\u00e9paration v\u00e9lo<\/span><\/li><\/ul>\t\t\t\t\t<\/div>\n\t\t\t\t\t\t<\/div>\n\t\t\t\t<\/div>\n\t\t\t\t\t\t<\/div>\n\t\t\t\t\t<\/div>\n\t\t<\/div>\n\t\t\t\t\t\t\t\t<\/div>\n\t\t\t\t\t<\/div>\n\t\t<\/section>\n\t\t\t\t<section class=\"elementor-section elementor-top-section elementor-element elementor-element-07cbd07 elementor-section-boxed elementor-section-height-default elementor-section-height-default\" data-id=\"07cbd07\" data-element_type=\"section\">\n\t\t\t\t\t\t<div class=\"elementor-container elementor-column-gap-default\">\n\t\t\t\t\t\t\t<div class=\"elementor-row\">\n\t\t\t\t\t<div class=\"elementor-column elementor-col-100 elementor-top-column elementor-element elementor-element-4d261fe\" data-id=\"4d261fe\" data-element_type=\"column\">\n\t\t\t<div class=\"elementor-column-wrap elementor-element-populated\">\n\t\t\t\t\t\t\t<div class=\"elementor-widget-wrap\">\n\t\t\t\t\t\t<div class=\"elementor-element elementor-element-baf9d9f elementor-widget elementor-widget-image\" data-id=\"baf9d9f\" data-element_type=\"widget\" data-widget_type=\"image.default\">\n\t\t\t\t<div class=\"elementor-widget-container\">\n\t\t\t\t\t\t\t\t<div class=\"elementor-image\">\n\t\t\t\t\t\t\t\t\t\t\t\t<img loading=\"lazy\" decoding=\"async\" width=\"533\" height=\"300\" src=\"https:\/\/widid.fr\/wp-content\/uploads\/2022\/12\/bike-533x300.png\" class=\"attachment-medium size-medium wp-image-4007\" alt=\"\" srcset=\"https:\/\/widid.fr\/wp-content\/uploads\/2022\/12\/bike-533x300.png 533w, https:\/\/widid.fr\/wp-content\/uploads\/2022\/12\/bike-768x432.png 768w, https:\/\/widid.fr\/wp-content\/uploads\/2022\/12\/bike-18x10.png 18w, https:\/\/widid.fr\/wp-content\/uploads\/2022\/12\/bike.png 1492w\" sizes=\"auto, (max-width: 533px) 100vw, 533px\" \/>\t\t\t\t\t\t\t\t\t\t\t\t\t\t<\/div>\n\t\t\t\t\t\t<\/div>\n\t\t\t\t<\/div>\n\t\t\t\t\t\t<\/div>\n\t\t\t\t\t<\/div>\n\t\t<\/div>\n\t\t\t\t\t\t\t\t<\/div>\n\t\t\t\t\t<\/div>\n\t\t<\/section>\n\t\t\t\t<section class=\"elementor-section elementor-top-section elementor-element elementor-element-d9d62ff elementor-section-full_width elementor-hidden-tablet elementor-hidden-phone elementor-section-height-default elementor-section-height-default\" data-id=\"d9d62ff\" data-element_type=\"section\">\n\t\t\t\t\t\t<div class=\"elementor-container elementor-column-gap-default\">\n\t\t\t\t\t\t\t<div class=\"elementor-row\">\n\t\t\t\t\t<div class=\"elementor-column elementor-col-100 elementor-top-column elementor-element elementor-element-e37fae1\" data-id=\"e37fae1\" data-element_type=\"column\">\n\t\t\t<div class=\"elementor-column-wrap elementor-element-populated\">\n\t\t\t\t\t\t\t<div class=\"elementor-widget-wrap\">\n\t\t\t\t\t\t<div class=\"elementor-element elementor-element-b09848f elementor-widget elementor-widget-spacer\" data-id=\"b09848f\" data-element_type=\"widget\" data-widget_type=\"spacer.default\">\n\t\t\t\t<div class=\"elementor-widget-container\">\n\t\t\t\t\t<div class=\"elementor-spacer\">\n\t\t\t<div class=\"elementor-spacer-inner\"><\/div>\n\t\t<\/div>\n\t\t\t\t<\/div>\n\t\t\t\t<\/div>\n\t\t\t\t<div class=\"elementor-element elementor-element-82f2949 elementor-widget elementor-widget-text-editor\" data-id=\"82f2949\" data-element_type=\"widget\" data-widget_type=\"text-editor.default\">\n\t\t\t\t<div class=\"elementor-widget-container\">\n\t\t\t\t\t\t\t\t<div class=\"elementor-text-editor elementor-clearfix\">\n\t\t\t\t<p><strong>Notre d\u00e9marche 4D<\/strong><\/p>\t\t\t\t\t<\/div>\n\t\t\t\t\t\t<\/div>\n\t\t\t\t<\/div>\n\t\t\t\t<div class=\"elementor-element elementor-element-1639dbc elementor-widget elementor-widget-image\" data-id=\"1639dbc\" data-element_type=\"widget\" data-widget_type=\"image.default\">\n\t\t\t\t<div class=\"elementor-widget-container\">\n\t\t\t\t\t\t\t\t<div class=\"elementor-image\">\n\t\t\t\t\t\t\t\t\t\t\t\t<img loading=\"lazy\" decoding=\"async\" width=\"741\" height=\"300\" src=\"https:\/\/widid.fr\/wp-content\/uploads\/2023\/06\/Capture-decran-2023-06-23-a-14.34.33-741x300.png\" class=\"attachment-medium size-medium wp-image-4391\" alt=\"\" srcset=\"https:\/\/widid.fr\/wp-content\/uploads\/2023\/06\/Capture-decran-2023-06-23-a-14.34.33-741x300.png 741w, https:\/\/widid.fr\/wp-content\/uploads\/2023\/06\/Capture-decran-2023-06-23-a-14.34.33-768x311.png 768w, https:\/\/widid.fr\/wp-content\/uploads\/2023\/06\/Capture-decran-2023-06-23-a-14.34.33-18x7.png 18w, https:\/\/widid.fr\/wp-content\/uploads\/2023\/06\/Capture-decran-2023-06-23-a-14.34.33.png 948w\" sizes=\"auto, (max-width: 741px) 100vw, 741px\" \/>\t\t\t\t\t\t\t\t\t\t\t\t\t\t<\/div>\n\t\t\t\t\t\t<\/div>\n\t\t\t\t<\/div>\n\t\t\t\t<div class=\"elementor-element elementor-element-3706404 elementor-align-center elementor-mobile-align-center elementor-widget elementor-widget-button\" data-id=\"3706404\" data-element_type=\"widget\" data-widget_type=\"button.default\">\n\t\t\t\t<div class=\"elementor-widget-container\">\n\t\t\t\t\t<div class=\"elementor-button-wrapper\">\n\t\t\t<a href=\"https:\/\/calendar.google.com\/calendar\/u\/0\/appointments\/schedules\/AcZssZ2G_bZ70Juu7pNEDD97HYM8B5MfAsvw5tt_os0o6ZCAmTTKADSfIlUoyS0q0zwZ4gvs228RlPw8?gv=true&#038;utm_source=google&#038;utm_medium=Suivi+click+calendar&#038;utm_campaign=Suivi+click+calendar&#038;utm_id=Calendar_analytics1&#038;utm_term=tag_calendar_analytics&#038;utm_content=Calendar+Anne-Sophie\" target=\"_blank\" class=\"elementor-button-link elementor-button elementor-size-lg\" role=\"button\">\n\t\t\t\t\t\t<span class=\"elementor-button-content-wrapper\">\n\t\t\t\t\t\t\t<span class=\"elementor-button-icon elementor-align-icon-left\">\n\t\t\t\t<i aria-hidden=\"true\" class=\"far fa-calendar-alt\"><\/i>\t\t\t<\/span>\n\t\t\t\t\t\t<span class=\"elementor-button-text\">Je veux un RDV<\/span>\n\t\t<\/span>\n\t\t\t\t\t<\/a>\n\t\t<\/div>\n\t\t\t\t<\/div>\n\t\t\t\t<\/div>\n\t\t\t\t\t\t<\/div>\n\t\t\t\t\t<\/div>\n\t\t<\/div>\n\t\t\t\t\t\t\t\t<\/div>\n\t\t\t\t\t<\/div>\n\t\t<\/section>\n\t\t\t\t\t\t\t\t\t<\/div>\n\t\t\t<\/div>\n\t\t\t\t\t<\/div>","protected":false},"excerpt":{"rendered":"<p>La production de contenus sur-mesure Avec nos clients, leurs apprenants et les experts pertinents et adapt\u00e9s,\u00a0nous fabriquons des exp\u00e9riences d&rsquo;apprentissage qui r\u00e9pondent \u00e0 leurs besoins et contraintes.\u00a0 Nous d\u00e9veloppons des exp\u00e9riences en VR mais \u00e9galement sur d&rsquo;autres supports comme par exemple le\u00a0mobile learning\u00a0ou\u00a0l&rsquo;e-learning. En effet, une modalit\u00e9 d&rsquo;apprentissage ne surpasse<a class=\"moretag\" href=\"https:\/\/widid.fr\/en\/contenus-sur-mesure\/\"> Read more<\/a><\/p>","protected":false},"author":1,"featured_media":0,"parent":0,"menu_order":0,"comment_status":"closed","ping_status":"closed","template":"page-templates\/template-pagebuilder-full-width.php","meta":{"footnotes":""},"class_list":["post-2262","page","type-page","status-publish","hentry"],"yoast_head":"<!-- This site is optimized with the Yoast SEO plugin v19.13 - https:\/\/yoast.com\/wordpress\/plugins\/seo\/ -->\n<title>Contenus sur-mesure - WiDiD<\/title>\n<meta name=\"robots\" content=\"index, follow, max-snippet:-1, max-image-preview:large, max-video-preview:-1\" \/>\n<link rel=\"canonical\" href=\"https:\/\/widid.fr\/en\/contenus-sur-mesure\/\" \/>\n<meta property=\"og:locale\" content=\"en_GB\" \/>\n<meta property=\"og:type\" content=\"article\" \/>\n<meta property=\"og:title\" content=\"Contenus sur-mesure - WiDiD\" \/>\n<meta property=\"og:description\" content=\"La production de contenus sur-mesure Avec nos clients, leurs apprenants et les experts pertinents et adapt\u00e9s,\u00a0nous fabriquons des exp\u00e9riences d&rsquo;apprentissage qui r\u00e9pondent \u00e0 leurs besoins et contraintes.\u00a0 Nous d\u00e9veloppons des exp\u00e9riences en VR mais \u00e9galement sur d&rsquo;autres supports comme par exemple le\u00a0mobile learning\u00a0ou\u00a0l&rsquo;e-learning. En effet, une modalit\u00e9 d&rsquo;apprentissage ne surpasse Read more\" \/>\n<meta property=\"og:url\" content=\"https:\/\/widid.fr\/en\/contenus-sur-mesure\/\" \/>\n<meta property=\"og:site_name\" content=\"WiDiD\" \/>\n<meta property=\"article:modified_time\" content=\"2025-05-14T13:21:41+00:00\" \/>\n<meta property=\"og:image\" content=\"https:\/\/widid.fr\/wp-content\/uploads\/2022\/12\/bike-533x300.png\" \/>\n<meta name=\"twitter:card\" content=\"summary_large_image\" \/>\n<meta name=\"twitter:site\" content=\"@WIDID_France\" \/>\n<meta name=\"twitter:label1\" content=\"Estimated reading time\" \/>\n\t<meta name=\"twitter:data1\" content=\"2 minutes\" \/>\n<script type=\"application\/ld+json\" class=\"yoast-schema-graph\">{\"@context\":\"https:\/\/schema.org\",\"@graph\":[{\"@type\":\"WebPage\",\"@id\":\"https:\/\/widid.fr\/contenus-sur-mesure\/\",\"url\":\"https:\/\/widid.fr\/contenus-sur-mesure\/\",\"name\":\"Contenus sur-mesure - WiDiD\",\"isPartOf\":{\"@id\":\"https:\/\/widid.fr\/#website\"},\"datePublished\":\"2021-02-14T10:01:40+00:00\",\"dateModified\":\"2025-05-14T13:21:41+00:00\",\"breadcrumb\":{\"@id\":\"https:\/\/widid.fr\/contenus-sur-mesure\/#breadcrumb\"},\"inLanguage\":\"en-GB\",\"potentialAction\":[{\"@type\":\"ReadAction\",\"target\":[\"https:\/\/widid.fr\/contenus-sur-mesure\/\"]}]},{\"@type\":\"BreadcrumbList\",\"@id\":\"https:\/\/widid.fr\/contenus-sur-mesure\/#breadcrumb\",\"itemListElement\":[{\"@type\":\"ListItem\",\"position\":1,\"name\":\"Accueil\",\"item\":\"https:\/\/widid.fr\/\"},{\"@type\":\"ListItem\",\"position\":2,\"name\":\"Contenus sur-mesure\"}]},{\"@type\":\"WebSite\",\"@id\":\"https:\/\/widid.fr\/#website\",\"url\":\"https:\/\/widid.fr\/\",\"name\":\"WiDiD\",\"description\":\"What I Do, I understanD\",\"publisher\":{\"@id\":\"https:\/\/widid.fr\/#organization\"},\"potentialAction\":[{\"@type\":\"SearchAction\",\"target\":{\"@type\":\"EntryPoint\",\"urlTemplate\":\"https:\/\/widid.fr\/?s={search_term_string}\"},\"query-input\":\"required name=search_term_string\"}],\"inLanguage\":\"en-GB\"},{\"@type\":\"Organization\",\"@id\":\"https:\/\/widid.fr\/#organization\",\"name\":\"WiDiD\",\"url\":\"https:\/\/widid.fr\/\",\"logo\":{\"@type\":\"ImageObject\",\"inLanguage\":\"en-GB\",\"@id\":\"https:\/\/widid.fr\/#\/schema\/logo\/image\/\",\"url\":\"https:\/\/widid.fr\/wp-content\/uploads\/2018\/10\/Logo_VF_degrade.png\",\"contentUrl\":\"https:\/\/widid.fr\/wp-content\/uploads\/2018\/10\/Logo_VF_degrade.png\",\"width\":6348,\"height\":2892,\"caption\":\"WiDiD\"},\"image\":{\"@id\":\"https:\/\/widid.fr\/#\/schema\/logo\/image\/\"},\"sameAs\":[\"https:\/\/www.linkedin.com\/company\/widid4u\",\"https:\/\/twitter.com\/WIDID_France\"]}]}<\/script>\n<!-- \/ Yoast SEO plugin. -->","yoast_head_json":{"title":"Contenus sur-mesure - WiDiD","robots":{"index":"index","follow":"follow","max-snippet":"max-snippet:-1","max-image-preview":"max-image-preview:large","max-video-preview":"max-video-preview:-1"},"canonical":"https:\/\/widid.fr\/en\/contenus-sur-mesure\/","og_locale":"en_GB","og_type":"article","og_title":"Contenus sur-mesure - WiDiD","og_description":"La production de contenus sur-mesure Avec nos clients, leurs apprenants et les experts pertinents et adapt\u00e9s,\u00a0nous fabriquons des exp\u00e9riences d&rsquo;apprentissage qui r\u00e9pondent \u00e0 leurs besoins et contraintes.\u00a0 Nous d\u00e9veloppons des exp\u00e9riences en VR mais \u00e9galement sur d&rsquo;autres supports comme par exemple le\u00a0mobile learning\u00a0ou\u00a0l&rsquo;e-learning. En effet, une modalit\u00e9 d&rsquo;apprentissage ne surpasse Read more","og_url":"https:\/\/widid.fr\/en\/contenus-sur-mesure\/","og_site_name":"WiDiD","article_modified_time":"2025-05-14T13:21:41+00:00","og_image":[{"url":"https:\/\/widid.fr\/wp-content\/uploads\/2022\/12\/bike-533x300.png"}],"twitter_card":"summary_large_image","twitter_site":"@WIDID_France","twitter_misc":{"Estimated reading time":"2 minutes"},"schema":{"@context":"https:\/\/schema.org","@graph":[{"@type":"WebPage","@id":"https:\/\/widid.fr\/contenus-sur-mesure\/","url":"https:\/\/widid.fr\/contenus-sur-mesure\/","name":"Contenus sur-mesure - WiDiD","isPartOf":{"@id":"https:\/\/widid.fr\/#website"},"datePublished":"2021-02-14T10:01:40+00:00","dateModified":"2025-05-14T13:21:41+00:00","breadcrumb":{"@id":"https:\/\/widid.fr\/contenus-sur-mesure\/#breadcrumb"},"inLanguage":"en-GB","potentialAction":[{"@type":"ReadAction","target":["https:\/\/widid.fr\/contenus-sur-mesure\/"]}]},{"@type":"BreadcrumbList","@id":"https:\/\/widid.fr\/contenus-sur-mesure\/#breadcrumb","itemListElement":[{"@type":"ListItem","position":1,"name":"Accueil","item":"https:\/\/widid.fr\/"},{"@type":"ListItem","position":2,"name":"Contenus sur-mesure"}]},{"@type":"WebSite","@id":"https:\/\/widid.fr\/#website","url":"https:\/\/widid.fr\/","name":"WiDiD","description":"What I Do, I understanD","publisher":{"@id":"https:\/\/widid.fr\/#organization"},"potentialAction":[{"@type":"SearchAction","target":{"@type":"EntryPoint","urlTemplate":"https:\/\/widid.fr\/?s={search_term_string}"},"query-input":"required name=search_term_string"}],"inLanguage":"en-GB"},{"@type":"Organization","@id":"https:\/\/widid.fr\/#organization","name":"WiDiD","url":"https:\/\/widid.fr\/","logo":{"@type":"ImageObject","inLanguage":"en-GB","@id":"https:\/\/widid.fr\/#\/schema\/logo\/image\/","url":"https:\/\/widid.fr\/wp-content\/uploads\/2018\/10\/Logo_VF_degrade.png","contentUrl":"https:\/\/widid.fr\/wp-content\/uploads\/2018\/10\/Logo_VF_degrade.png","width":6348,"height":2892,"caption":"WiDiD"},"image":{"@id":"https:\/\/widid.fr\/#\/schema\/logo\/image\/"},"sameAs":["https:\/\/www.linkedin.com\/company\/widid4u","https:\/\/twitter.com\/WIDID_France"]}]}},"_links":{"self":[{"href":"https:\/\/widid.fr\/en\/wp-json\/wp\/v2\/pages\/2262","targetHints":{"allow":["GET"]}}],"collection":[{"href":"https:\/\/widid.fr\/en\/wp-json\/wp\/v2\/pages"}],"about":[{"href":"https:\/\/widid.fr\/en\/wp-json\/wp\/v2\/types\/page"}],"author":[{"embeddable":true,"href":"https:\/\/widid.fr\/en\/wp-json\/wp\/v2\/users\/1"}],"replies":[{"embeddable":true,"href":"https:\/\/widid.fr\/en\/wp-json\/wp\/v2\/comments?post=2262"}],"version-history":[{"count":232,"href":"https:\/\/widid.fr\/en\/wp-json\/wp\/v2\/pages\/2262\/revisions"}],"predecessor-version":[{"id":4969,"href":"https:\/\/widid.fr\/en\/wp-json\/wp\/v2\/pages\/2262\/revisions\/4969"}],"wp:attachment":[{"href":"https:\/\/widid.fr\/en\/wp-json\/wp\/v2\/media?parent=2262"}],"curies":[{"name":"wp","href":"https:\/\/api.w.org\/{rel}","templated":true}]}}